{"id":530,"date":"2017-05-06T14:27:34","date_gmt":"2017-05-06T12:27:34","guid":{"rendered":"http:\/\/www.imsp-sapiniere.be\/?page_id=530"},"modified":"2024-03-19T10:02:32","modified_gmt":"2024-03-19T09:02:32","slug":"admission","status":"publish","type":"page","link":"https:\/\/www.lasapiniere.net\/?page_id=530","title":{"rendered":"Admissions"},"content":{"rendered":"\t\t<div data-elementor-type=\"wp-page\" data-elementor-id=\"530\" class=\"elementor elementor-530\">\n\t\t\t\t<div class=\"elementor-element elementor-element-6187f942 e-flex e-con-boxed e-con e-parent\" data-id=\"6187f942\" data-element_type=\"container\" data-e-type=\"container\">\n\t\t\t\t\t<div class=\"e-con-inner\">\n\t\t\t\t<div class=\"elementor-element elementor-element-29e64d8a elementor-widget elementor-widget-text-editor\" data-id=\"29e64d8a\" data-element_type=\"widget\" data-e-type=\"widget\" data-widget_type=\"text-editor.default\">\n\t\t\t\t<div class=\"elementor-widget-container\">\n\t\t\t\t\t\t\t\t\t<h4><span style=\"text-decoration: underline;\"><strong>Proc\u00e9dure d\u2019admission<\/strong><\/span><\/h4><p>L&rsquo;ensemble des foyers de la R\u00e9sidence La Sapini\u00e8re propose un service d&rsquo;admissions qui rencontre les parents, les professionnels et les personnes pr\u00e9sentant une d\u00e9ficience mentale l\u00e9g\u00e8re \u00e0 s\u00e9v\u00e8re associ\u00e9e ou non \u00e0 une maladie mentale.<\/p><p>Nos crit\u00e8res d&rsquo;accueil se basent sur la personne et son niveau d&rsquo;autonomie. Chaque foyer accueille des personnes d&rsquo;\u00e2ges et de pathologies diff\u00e9rents.<\/p><p>Une candidature peut \u00eatre introduite et envoy\u00e9e de mani\u00e8re spontan\u00e9e ou via notre adresse \u00e9lectronique que vous trouverez ci-dessous.<\/p><p>Une premi\u00e8re analyse et \u00e9tude du profil du r\u00e9sident est examin\u00e9e selon les besoins et attentes de celui-ci.<\/p><p>La candidature est transmise aux foyers pouvant offrir la meilleure prise en charge pour \u00e9valuation des probl\u00e9matiques. Nous venons ensuite \u00e0 votre rencontre sur le lieu de vie du r\u00e9sident.<\/p><p>Apr\u00e8s cette visite, une commission d&rsquo;admission se tient et un avis favorable ou d\u00e9favorable est communiqu\u00e9 dans le mois.<\/p><p>Si la d\u00e9cision est favorable, une visite du foyer ou des foyers pr\u00e9conis\u00e9s est organis\u00e9e et des accords de prise en charge sont envoy\u00e9s au repr\u00e9sentant l\u00e9gal pour l&rsquo;obtention de l&rsquo;accord financier.<\/p><p>D\u00e8s r\u00e9ception de celui-ci et que le dossier administratif est en ordre et valid\u00e9 par les autorit\u00e9s, une date d&rsquo;entr\u00e9e est programm\u00e9e.<\/p><p>Une convention ainsi qu&rsquo;une p\u00e9riode d&rsquo;essai de 6 mois sont mises en place et en cas de difficult\u00e9s d&rsquo;adaptation cette p\u00e9riode peut \u00eatre reconduite une fois.<\/p><h4><span style=\"text-decoration: underline;\"><strong>Crit\u00e8res d&rsquo;admission<\/strong><\/span><\/h4><p>Etre \u00e2g\u00e9 de plus 18 ans ou plus de 16 ans sous tutelle ASE ;<\/p><p>B\u00e9n\u00e9ficier d&rsquo;une orientation MDPH pr\u00e9cisant :<\/p><ul><li>Foyer de Vie<\/li><li>Foyer d&rsquo;Accueil M\u00e9dicalis\u00e9<\/li><li>Maison d&rsquo;Accueil Sp\u00e9cialis\u00e9e<\/li><\/ul><p>Pour envoyer et introduire une demande d&rsquo;admission, vous trouverez ci-dessous nos informations de contact:<\/p><p>R\u00e9sidence La Sapini\u00e8re<\/p><p>Service des Admissions<\/p><p>12, rue des fusill\u00e9s<\/p><p>7020 Nimy<\/p><p>Belgique<\/p><p>Mail: admissions1@lasapiniere.net<\/p>\t\t\t\t\t\t\t\t<\/div>\n\t\t\t\t<\/div>\n\t\t\t\t\t<\/div>\n\t\t\t\t<\/div>\n\t\t\t\t<\/div>\n\t\t","protected":false},"excerpt":{"rendered":"<p>Proc\u00e9dure d\u2019admission L&rsquo;ensemble des foyers de la R\u00e9sidence La Sapini\u00e8re propose un service d&rsquo;admissions qui rencontre les parents, les professionnels et les personnes pr\u00e9sentant une d\u00e9ficience mentale l\u00e9g\u00e8re \u00e0 s\u00e9v\u00e8re associ\u00e9e ou non \u00e0 une maladie mentale. Nos crit\u00e8res d&rsquo;accueil se basent sur la personne et son niveau d&rsquo;autonomie. Chaque foyer accueille des personnes d&rsquo;\u00e2ges [&hellip;]<\/p>\n","protected":false},"author":1,"featured_media":0,"parent":0,"menu_order":0,"comment_status":"closed","ping_status":"closed","template":"","meta":{"ocean_post_layout":"","ocean_both_sidebars_style":"","ocean_both_sidebars_content_width":0,"ocean_both_sidebars_sidebars_width":0,"ocean_sidebar":"","ocean_second_sidebar":"","ocean_disable_margins":"enable","ocean_add_body_class":"","ocean_shortcode_before_top_bar":"","ocean_shortcode_after_top_bar":"","ocean_shortcode_before_header":"","ocean_shortcode_after_header":"","ocean_has_shortcode":"","ocean_shortcode_after_title":"","ocean_shortcode_before_footer_widgets":"","ocean_shortcode_after_footer_widgets":"","ocean_shortcode_before_footer_bottom":"","ocean_shortcode_after_footer_bottom":"","ocean_display_top_bar":"default","ocean_display_header":"default","ocean_header_style":"","ocean_center_header_left_menu":"","ocean_custom_header_template":"","ocean_custom_logo":0,"ocean_custom_retina_logo":0,"ocean_custom_logo_max_width":0,"ocean_custom_logo_tablet_max_width":0,"ocean_custom_logo_mobile_max_width":0,"ocean_custom_logo_max_height":0,"ocean_custom_logo_tablet_max_height":0,"ocean_custom_logo_mobile_max_height":0,"ocean_header_custom_menu":"","ocean_menu_typo_font_family":"","ocean_menu_typo_font_subset":"","ocean_menu_typo_font_size":0,"ocean_menu_typo_font_size_tablet":0,"ocean_menu_typo_font_size_mobile":0,"ocean_menu_typo_font_size_unit":"px","ocean_menu_typo_font_weight":"","ocean_menu_typo_font_weight_tablet":"","ocean_menu_typo_font_weight_mobile":"","ocean_menu_typo_transform":"","ocean_menu_typo_transform_tablet":"","ocean_menu_typo_transform_mobile":"","ocean_menu_typo_line_height":0,"ocean_menu_typo_line_height_tablet":0,"ocean_menu_typo_line_height_mobile":0,"ocean_menu_typo_line_height_unit":"","ocean_menu_typo_spacing":0,"ocean_menu_typo_spacing_tablet":0,"ocean_menu_typo_spacing_mobile":0,"ocean_menu_typo_spacing_unit":"","ocean_menu_link_color":"","ocean_menu_link_color_hover":"","ocean_menu_link_color_active":"","ocean_menu_link_background":"","ocean_menu_link_hover_background":"","ocean_menu_link_active_background":"","ocean_menu_social_links_bg":"","ocean_menu_social_hover_links_bg":"","ocean_menu_social_links_color":"","ocean_menu_social_hover_links_color":"","ocean_disable_title":"default","ocean_disable_heading":"default","ocean_post_title":"","ocean_post_subheading":"","ocean_post_title_style":"","ocean_post_title_background_color":"","ocean_post_title_background":0,"ocean_post_title_bg_image_position":"","ocean_post_title_bg_image_attachment":"","ocean_post_title_bg_image_repeat":"","ocean_post_title_bg_image_size":"","ocean_post_title_height":0,"ocean_post_title_bg_overlay":0.5,"ocean_post_title_bg_overlay_color":"","ocean_disable_breadcrumbs":"default","ocean_breadcrumbs_color":"","ocean_breadcrumbs_separator_color":"","ocean_breadcrumbs_links_color":"","ocean_breadcrumbs_links_hover_color":"","ocean_display_footer_widgets":"default","ocean_display_footer_bottom":"default","ocean_custom_footer_template":"","footnotes":""},"class_list":["post-530","page","type-page","status-publish","hentry","entry"],"_links":{"self":[{"href":"https:\/\/www.lasapiniere.net\/index.php?rest_route=\/wp\/v2\/pages\/530","targetHints":{"allow":["GET"]}}],"collection":[{"href":"https:\/\/www.lasapiniere.net\/index.php?rest_route=\/wp\/v2\/pages"}],"about":[{"href":"https:\/\/www.lasapiniere.net\/index.php?rest_route=\/wp\/v2\/types\/page"}],"author":[{"embeddable":true,"href":"https:\/\/www.lasapiniere.net\/index.php?rest_route=\/wp\/v2\/users\/1"}],"replies":[{"embeddable":true,"href":"https:\/\/www.lasapiniere.net\/index.php?rest_route=%2Fwp%2Fv2%2Fcomments&post=530"}],"version-history":[{"count":12,"href":"https:\/\/www.lasapiniere.net\/index.php?rest_route=\/wp\/v2\/pages\/530\/revisions"}],"predecessor-version":[{"id":2516,"href":"https:\/\/www.lasapiniere.net\/index.php?rest_route=\/wp\/v2\/pages\/530\/revisions\/2516"}],"wp:attachment":[{"href":"https:\/\/www.lasapiniere.net\/index.php?rest_route=%2Fwp%2Fv2%2Fmedia&parent=530"}],"curies":[{"name":"wp","href":"https:\/\/api.w.org\/{rel}","templated":true}]}}