{"id":510,"date":"2017-05-06T14:21:32","date_gmt":"2017-05-06T12:21:32","guid":{"rendered":"http:\/\/www.imsp-sapiniere.be\/?page_id=510"},"modified":"2025-10-29T13:52:15","modified_gmt":"2025-10-29T12:52:15","slug":"masnuy-saint-jean","status":"publish","type":"page","link":"https:\/\/www.lasapiniere.net\/?page_id=510","title":{"rendered":"Site de Masnuy-Saint-Jean"},"content":{"rendered":"\t\t<div data-elementor-type=\"wp-page\" data-elementor-id=\"510\" class=\"elementor elementor-510\">\n\t\t\t\t<div class=\"elementor-element elementor-element-d282c61 e-flex e-con-boxed e-con e-parent\" data-id=\"d282c61\" data-element_type=\"container\" data-e-type=\"container\">\n\t\t\t\t\t<div class=\"e-con-inner\">\n\t\t<div class=\"elementor-element elementor-element-7bf8403 e-con-full e-flex e-con e-child\" data-id=\"7bf8403\" data-element_type=\"container\" data-e-type=\"container\">\n\t\t\t\t<div class=\"elementor-element elementor-element-4cdd4af5 elementor-widget elementor-widget-text-editor\" data-id=\"4cdd4af5\" data-element_type=\"widget\" data-e-type=\"widget\" data-widget_type=\"text-editor.default\">\n\t\t\t\t<div class=\"elementor-widget-container\">\n\t\t\t\t\t\t\t\t\t<p><img decoding=\"async\" class=\"alignleft\" src=\"https:\/\/encrypted-tbn0.gstatic.com\/images?q=tbn:ANd9GcRNnyXsyefed1FwCT_bS7hLZ27X6nRgMsRFz1B5ttluufq6ca0Oo5zaRrenokykq-eQ1NA&amp;usqp=CAU\" alt=\"Map Location Svg Png Icon Free Download (#118366) - OnlineWebFonts.COM\" width=\"127\" height=\"127\" \/><\/p><p>29, chemin de Mons<br \/>7050 Masnuy-Saint-Jean<br \/>Belgique<\/p><p>Directeur p\u00e9dagogique : M. Jean Sti\u00e9venart<\/p><p style=\"text-align: justify; background: white;\"><strong><span style=\"font-size: 11.0pt; font-family: 'Arial',sans-serif; color: #333333;\">La R\u00e9sidence La Sapini\u00e8re<\/span><\/strong><span style=\"font-size: 11.0pt; font-family: 'Arial',sans-serif; color: #333333;\"> de\u00a0<strong><span style=\"font-family: 'Arial',sans-serif;\">Masnuy-Saint-Jean<\/span><\/strong> est situ\u00e9e dans un quartier r\u00e9sidentiel verdoyant, proche d\u2019axes routiers importants (<em><span style=\"font-family: 'Arial',sans-serif;\">E19 \/ E42<\/span><\/em>), \u00e0 6 km du centre de la ville culturelle de Mons et \u00e0 un kilom\u00e8tre du si\u00e8ge administratif.<\/span><\/p><p style=\"text-align: justify; background: white;\"><span style=\"font-size: 11.0pt; font-family: 'Arial',sans-serif; color: #333333;\">Cette situation permet aux b\u00e9n\u00e9ficiaires de profiter d\u2019un lieu de vie calme et reposant tout en \u00e9tant proche de centres r\u00e9cr\u00e9atifs (<em><span style=\"font-family: 'Arial',sans-serif;\">bowlings, minigolf couvert, piscine r\u00e9cr\u00e9ative)<\/span><\/em><i>, <\/i>sportifs (<em><span style=\"font-family: 'Arial',sans-serif;\">piscine et salles de sport<\/span><\/em>)<i>, <\/i>culturels<i> <\/i>(<em><span style=\"font-family: 'Arial',sans-serif;\">th\u00e9\u00e2tres et cin\u00e9mas<\/span><\/em>)<i>, <\/i>commerciaux<i> <\/i>(<em><span style=\"font-family: 'Arial',sans-serif;\">centre-ville et Les Grands Pr\u00e9s, centre commercial couvert<\/span><\/em>)<i> <\/i>et hospitaliers (<em><span style=\"font-family: 'Arial',sans-serif;\">R\u00e9seau Hospitalier Helora<\/span><\/em>).<\/span><\/p><p style=\"text-align: justify; background: white;\"><span style=\"font-size: 11.0pt; font-family: 'Arial',sans-serif; color: #333333;\">L\u2019\u00e9tablissement offre \u00e0 40 adultes, hommes et femmes, pr\u00e9sentant une d\u00e9ficience mentale mod\u00e9r\u00e9e ou s\u00e9v\u00e8re, pouvant \u00eatre associ\u00e9e \u00e0 une maladie mentale (<em><span style=\"font-family: 'Arial',sans-serif;\">essentiellement une schizophr\u00e9nie, troubles bipolaires<\/span><\/em>), une prise en charge m\u00e9dicale et \u00e9ducative dans un cadre familial et s\u00e9curitaire.<\/span><\/p><p style=\"text-align: justify; background: white;\"><span style=\"font-size: 11.0pt; font-family: 'Arial',sans-serif; color: #333333;\">La majorit\u00e9 des personnes accueillies dispose d\u2019un faible niveau d\u2019autonomie. <strong><span style=\"font-family: 'Arial',sans-serif;\">La Sapini\u00e8re de Masnuy-Saint-Jean<\/span><\/strong>\u00a0accueille \u00e9galement des personnes pr\u00e9sentant un handicap physique. Le service est ouvert toute l\u2019ann\u00e9e, 24h sur 24. La dur\u00e9e de l\u2019accueil n\u2019est pas limit\u00e9e dans le temps.<\/span><\/p><p style=\"text-align: justify; background: white;\"><span style=\"font-size: 11.0pt; font-family: 'Arial',sans-serif; color: #333333;\">Des activit\u00e9s quotidiennes, nombreuses et diversifi\u00e9es sont organis\u00e9es soit au sein du <strong><span style=\"font-family: 'Arial',sans-serif;\">foyer<\/span><\/strong>, soit \u00e0 l\u2019ext\u00e9rieur de celle-ci. Ces activit\u00e9s sont adapt\u00e9es aux capacit\u00e9s des usagers, \u00e0 leur \u00e2ge r\u00e9el et \u00e0 leurs envies.<\/span><\/p>\t\t\t\t\t\t\t\t<\/div>\n\t\t\t\t<\/div>\n\t\t\t\t<\/div>\n\t\t<div class=\"elementor-element elementor-element-d035b8f e-con-full e-flex e-con e-child\" data-id=\"d035b8f\" data-element_type=\"container\" data-e-type=\"container\">\n\t\t\t\t<div class=\"elementor-element elementor-element-a631a8e elementor-widget elementor-widget-image\" data-id=\"a631a8e\" data-element_type=\"widget\" data-e-type=\"widget\" data-widget_type=\"image.default\">\n\t\t\t\t<div class=\"elementor-widget-container\">\n\t\t\t\t\t\t\t\t\t\t\t\t\t\t\t<img fetchpriority=\"high\" decoding=\"async\" width=\"1024\" height=\"498\" src=\"https:\/\/www.lasapiniere.net\/wp-content\/uploads\/2025\/10\/FacadeMasnuy-1024x498.jpg\" class=\"attachment-large size-large wp-image-2641\" alt=\"\" srcset=\"https:\/\/www.lasapiniere.net\/wp-content\/uploads\/2025\/10\/FacadeMasnuy-1024x498.jpg 1024w, https:\/\/www.lasapiniere.net\/wp-content\/uploads\/2025\/10\/FacadeMasnuy-300x146.jpg 300w, https:\/\/www.lasapiniere.net\/wp-content\/uploads\/2025\/10\/FacadeMasnuy-768x373.jpg 768w, https:\/\/www.lasapiniere.net\/wp-content\/uploads\/2025\/10\/FacadeMasnuy-1536x746.jpg 1536w, https:\/\/www.lasapiniere.net\/wp-content\/uploads\/2025\/10\/FacadeMasnuy.jpg 2048w\" sizes=\"(max-width: 1024px) 100vw, 1024px\" \/>\t\t\t\t\t\t\t\t\t\t\t\t\t\t\t<\/div>\n\t\t\t\t<\/div>\n\t\t\t\t<\/div>\n\t\t\t\t\t<\/div>\n\t\t\t\t<\/div>\n\t\t\t\t<\/div>\n\t\t","protected":false},"excerpt":{"rendered":"<p>29, chemin de Mons7050 Masnuy-Saint-JeanBelgique Directeur p\u00e9dagogique : M. Jean Sti\u00e9venart La R\u00e9sidence La Sapini\u00e8re de\u00a0Masnuy-Saint-Jean est situ\u00e9e dans un quartier r\u00e9sidentiel verdoyant, proche d\u2019axes routiers importants (E19 \/ E42), \u00e0 6 km du centre de la ville culturelle de Mons et \u00e0 un kilom\u00e8tre du si\u00e8ge administratif. Cette situation permet aux b\u00e9n\u00e9ficiaires de profiter [&hellip;]<\/p>\n","protected":false},"author":1,"featured_media":0,"parent":0,"menu_order":0,"comment_status":"closed","ping_status":"closed","template":"","meta":{"ocean_post_layout":"","ocean_both_sidebars_style":"","ocean_both_sidebars_content_width":0,"ocean_both_sidebars_sidebars_width":0,"ocean_sidebar":"","ocean_second_sidebar":"","ocean_disable_margins":"enable","ocean_add_body_class":"","ocean_shortcode_before_top_bar":"","ocean_shortcode_after_top_bar":"","ocean_shortcode_before_header":"","ocean_shortcode_after_header":"","ocean_has_shortcode":"","ocean_shortcode_after_title":"","ocean_shortcode_before_footer_widgets":"","ocean_shortcode_after_footer_widgets":"","ocean_shortcode_before_footer_bottom":"","ocean_shortcode_after_footer_bottom":"","ocean_display_top_bar":"default","ocean_display_header":"default","ocean_header_style":"","ocean_center_header_left_menu":"","ocean_custom_header_template":"","ocean_custom_logo":0,"ocean_custom_retina_logo":0,"ocean_custom_logo_max_width":0,"ocean_custom_logo_tablet_max_width":0,"ocean_custom_logo_mobile_max_width":0,"ocean_custom_logo_max_height":0,"ocean_custom_logo_tablet_max_height":0,"ocean_custom_logo_mobile_max_height":0,"ocean_header_custom_menu":"","ocean_menu_typo_font_family":"","ocean_menu_typo_font_subset":"","ocean_menu_typo_font_size":0,"ocean_menu_typo_font_size_tablet":0,"ocean_menu_typo_font_size_mobile":0,"ocean_menu_typo_font_size_unit":"px","ocean_menu_typo_font_weight":"","ocean_menu_typo_font_weight_tablet":"","ocean_menu_typo_font_weight_mobile":"","ocean_menu_typo_transform":"","ocean_menu_typo_transform_tablet":"","ocean_menu_typo_transform_mobile":"","ocean_menu_typo_line_height":0,"ocean_menu_typo_line_height_tablet":0,"ocean_menu_typo_line_height_mobile":0,"ocean_menu_typo_line_height_unit":"","ocean_menu_typo_spacing":0,"ocean_menu_typo_spacing_tablet":0,"ocean_menu_typo_spacing_mobile":0,"ocean_menu_typo_spacing_unit":"","ocean_menu_link_color":"","ocean_menu_link_color_hover":"","ocean_menu_link_color_active":"","ocean_menu_link_background":"","ocean_menu_link_hover_background":"","ocean_menu_link_active_background":"","ocean_menu_social_links_bg":"","ocean_menu_social_hover_links_bg":"","ocean_menu_social_links_color":"","ocean_menu_social_hover_links_color":"","ocean_disable_title":"default","ocean_disable_heading":"default","ocean_post_title":"","ocean_post_subheading":"","ocean_post_title_style":"","ocean_post_title_background_color":"","ocean_post_title_background":0,"ocean_post_title_bg_image_position":"","ocean_post_title_bg_image_attachment":"","ocean_post_title_bg_image_repeat":"","ocean_post_title_bg_image_size":"","ocean_post_title_height":0,"ocean_post_title_bg_overlay":0.5,"ocean_post_title_bg_overlay_color":"","ocean_disable_breadcrumbs":"default","ocean_breadcrumbs_color":"","ocean_breadcrumbs_separator_color":"","ocean_breadcrumbs_links_color":"","ocean_breadcrumbs_links_hover_color":"","ocean_display_footer_widgets":"default","ocean_display_footer_bottom":"default","ocean_custom_footer_template":"","footnotes":""},"class_list":["post-510","page","type-page","status-publish","hentry","entry"],"_links":{"self":[{"href":"https:\/\/www.lasapiniere.net\/index.php?rest_route=\/wp\/v2\/pages\/510","targetHints":{"allow":["GET"]}}],"collection":[{"href":"https:\/\/www.lasapiniere.net\/index.php?rest_route=\/wp\/v2\/pages"}],"about":[{"href":"https:\/\/www.lasapiniere.net\/index.php?rest_route=\/wp\/v2\/types\/page"}],"author":[{"embeddable":true,"href":"https:\/\/www.lasapiniere.net\/index.php?rest_route=\/wp\/v2\/users\/1"}],"replies":[{"embeddable":true,"href":"https:\/\/www.lasapiniere.net\/index.php?rest_route=%2Fwp%2Fv2%2Fcomments&post=510"}],"version-history":[{"count":22,"href":"https:\/\/www.lasapiniere.net\/index.php?rest_route=\/wp\/v2\/pages\/510\/revisions"}],"predecessor-version":[{"id":2644,"href":"https:\/\/www.lasapiniere.net\/index.php?rest_route=\/wp\/v2\/pages\/510\/revisions\/2644"}],"wp:attachment":[{"href":"https:\/\/www.lasapiniere.net\/index.php?rest_route=%2Fwp%2Fv2%2Fmedia&parent=510"}],"curies":[{"name":"wp","href":"https:\/\/api.w.org\/{rel}","templated":true}]}}