{"id":1800,"date":"2023-12-05T11:34:17","date_gmt":"2023-12-05T11:34:17","guid":{"rendered":"https:\/\/34.141.245.37\/?page_id=1800"},"modified":"2025-10-29T14:24:56","modified_gmt":"2025-10-29T13:24:56","slug":"accueil","status":"publish","type":"page","link":"https:\/\/www.lasapiniere.net\/","title":{"rendered":"Accueil"},"content":{"rendered":"\t\t<div data-elementor-type=\"wp-page\" data-elementor-id=\"1800\" class=\"elementor elementor-1800\">\n\t\t\t\t<div class=\"elementor-element elementor-element-328a9445 e-con-full e-flex e-con e-parent\" data-id=\"328a9445\" data-element_type=\"container\" data-e-type=\"container\">\n\t\t\t\t<div class=\"elementor-element elementor-element-d418b2b elementor-arrows-position-outside elementor-widget__width-inherit elementor-widget elementor-widget-image-carousel\" data-id=\"d418b2b\" data-element_type=\"widget\" data-e-type=\"widget\" data-settings=\"{&quot;slides_to_show&quot;:&quot;3&quot;,&quot;slides_to_scroll&quot;:&quot;3&quot;,&quot;autoplay_speed&quot;:4500,&quot;speed&quot;:700,&quot;image_spacing_custom&quot;:{&quot;unit&quot;:&quot;px&quot;,&quot;size&quot;:30,&quot;sizes&quot;:[]},&quot;_animation&quot;:&quot;none&quot;,&quot;navigation&quot;:&quot;arrows&quot;,&quot;slides_to_show_mobile&quot;:&quot;3&quot;,&quot;slides_to_scroll_mobile&quot;:&quot;3&quot;,&quot;autoplay&quot;:&quot;yes&quot;,&quot;pause_on_hover&quot;:&quot;yes&quot;,&quot;pause_on_interaction&quot;:&quot;yes&quot;,&quot;infinite&quot;:&quot;yes&quot;,&quot;image_spacing_custom_tablet&quot;:{&quot;unit&quot;:&quot;px&quot;,&quot;size&quot;:&quot;&quot;,&quot;sizes&quot;:[]},&quot;image_spacing_custom_mobile&quot;:{&quot;unit&quot;:&quot;px&quot;,&quot;size&quot;:&quot;&quot;,&quot;sizes&quot;:[]}}\" data-widget_type=\"image-carousel.default\">\n\t\t\t\t<div class=\"elementor-widget-container\">\n\t\t\t\t\t\t\t<div class=\"elementor-image-carousel-wrapper swiper\" role=\"region\" aria-roledescription=\"carousel\" aria-label=\"Carrousel d\u2019images\" dir=\"ltr\">\n\t\t\t<div class=\"elementor-image-carousel swiper-wrapper swiper-image-stretch\" aria-live=\"off\">\n\t\t\t\t\t\t\t\t<div class=\"swiper-slide\" role=\"group\" aria-roledescription=\"slide\" aria-label=\"1 of 6\"><figure class=\"swiper-slide-inner\"><img decoding=\"async\" class=\"swiper-slide-image\" src=\"https:\/\/www.lasapiniere.net\/wp-content\/uploads\/2023\/12\/La-Sapiniere-Braine-web-1-300x200.jpg\" alt=\"La Sapini\u00e8re de Braine-l&#039;Alleud\" \/><figcaption class=\"elementor-image-carousel-caption\">La Sapini\u00e8re de Braine-l'Alleud<\/figcaption><\/figure><\/div><div class=\"swiper-slide\" role=\"group\" aria-roledescription=\"slide\" aria-label=\"2 of 6\"><figure class=\"swiper-slide-inner\"><img decoding=\"async\" class=\"swiper-slide-image\" src=\"https:\/\/www.lasapiniere.net\/wp-content\/uploads\/2025\/10\/Sapiniere-396-1200x700-1-300x175.jpg\" alt=\"La Sapini\u00e8re de Chapelle-lez-Herlaimont\" \/><figcaption class=\"elementor-image-carousel-caption\">La Sapini\u00e8re de Chapelle-lez-Herlaimont<\/figcaption><\/figure><\/div><div class=\"swiper-slide\" role=\"group\" aria-roledescription=\"slide\" aria-label=\"3 of 6\"><figure class=\"swiper-slide-inner\"><img decoding=\"async\" class=\"swiper-slide-image\" src=\"https:\/\/www.lasapiniere.net\/wp-content\/uploads\/2025\/10\/FacadeMasnuy-300x146.jpg\" alt=\"La Sapini\u00e8re de Masnuy-Saint-Jean\" \/><figcaption class=\"elementor-image-carousel-caption\">La Sapini\u00e8re de Masnuy-Saint-Jean<\/figcaption><\/figure><\/div><div class=\"swiper-slide\" role=\"group\" aria-roledescription=\"slide\" aria-label=\"4 of 6\"><figure class=\"swiper-slide-inner\"><img decoding=\"async\" class=\"swiper-slide-image\" src=\"https:\/\/www.lasapiniere.net\/wp-content\/uploads\/2025\/10\/FacadeNimy-300x225.jpg\" alt=\"La Sapini\u00e8re de Nimy\" \/><figcaption class=\"elementor-image-carousel-caption\">La Sapini\u00e8re de Nimy<\/figcaption><\/figure><\/div><div class=\"swiper-slide\" role=\"group\" aria-roledescription=\"slide\" aria-label=\"5 of 6\"><figure class=\"swiper-slide-inner\"><img decoding=\"async\" class=\"swiper-slide-image\" src=\"https:\/\/www.lasapiniere.net\/wp-content\/uploads\/2025\/10\/FacadeQuaregnonplaques-300x225.jpg\" alt=\"La Sapini\u00e8re de Quaregnon\" \/><figcaption class=\"elementor-image-carousel-caption\">La Sapini\u00e8re de Quaregnon<\/figcaption><\/figure><\/div><div class=\"swiper-slide\" role=\"group\" aria-roledescription=\"slide\" aria-label=\"6 of 6\"><figure class=\"swiper-slide-inner\"><img decoding=\"async\" class=\"swiper-slide-image\" src=\"https:\/\/www.lasapiniere.net\/wp-content\/uploads\/2023\/12\/Batiment-Seneffe-web-4-300x200.jpg\" alt=\"La Sapini\u00e8re de Seneffe\" \/><figcaption class=\"elementor-image-carousel-caption\">La Sapini\u00e8re de Seneffe<\/figcaption><\/figure><\/div>\t\t\t<\/div>\n\t\t\t\t\t\t\t\t\t\t\t\t<div class=\"elementor-swiper-button elementor-swiper-button-prev\" role=\"button\" tabindex=\"0\">\n\t\t\t\t\t\t<svg aria-hidden=\"true\" class=\"e-font-icon-svg e-eicon-chevron-left\" viewBox=\"0 0 1000 1000\" xmlns=\"http:\/\/www.w3.org\/2000\/svg\"><path d=\"M646 125C629 125 613 133 604 142L308 442C296 454 292 471 292 487 292 504 296 521 308 533L604 854C617 867 629 875 646 875 663 875 679 871 692 858 704 846 713 829 713 812 713 796 708 779 692 767L438 487 692 225C700 217 708 204 708 187 708 171 704 154 692 142 675 129 663 125 646 125Z\"><\/path><\/svg>\t\t\t\t\t<\/div>\n\t\t\t\t\t<div class=\"elementor-swiper-button elementor-swiper-button-next\" role=\"button\" tabindex=\"0\">\n\t\t\t\t\t\t<svg aria-hidden=\"true\" class=\"e-font-icon-svg e-eicon-chevron-right\" viewBox=\"0 0 1000 1000\" xmlns=\"http:\/\/www.w3.org\/2000\/svg\"><path d=\"M696 533C708 521 713 504 713 487 713 471 708 454 696 446L400 146C388 133 375 125 354 125 338 125 325 129 313 142 300 154 292 171 292 187 292 204 296 221 308 233L563 492 304 771C292 783 288 800 288 817 288 833 296 850 308 863 321 871 338 875 354 875 371 875 388 867 400 854L696 533Z\"><\/path><\/svg>\t\t\t\t\t<\/div>\n\t\t\t\t\n\t\t\t\t\t\t\t\t\t<\/div>\n\t\t\t\t\t\t<\/div>\n\t\t\t\t<\/div>\n\t\t\t\t<div class=\"elementor-element elementor-element-6a46260a elementor-widget elementor-widget-text-editor\" data-id=\"6a46260a\" data-element_type=\"widget\" data-e-type=\"widget\" data-widget_type=\"text-editor.default\">\n\t\t\t\t<div class=\"elementor-widget-container\">\n\t\t\t\t\t\t\t\t\t<p><strong>Bienvenue \u00e0 la \u00ab&nbsp;R\u00e9sidence La Sapini\u00e8re&nbsp;\u00bb<\/strong><\/p>\n<p><strong>La R\u00e9sidence La Sapini\u00e8re&nbsp;<\/strong>est un service r\u00e9sidentiel qui accueille et h\u00e9berge des adultes pr\u00e9sentant une d\u00e9ficience mentale de l\u00e9g\u00e8re \u00e0 s\u00e9v\u00e8re, parfois associ\u00e9e \u00e0 une maladie mentale et\/ou un handicap physique dont la d\u00e9pendance, totale ou partielle requiert un accompagnement pour les actes de la vie quotidienne et un suivi m\u00e9dical.<\/p>\n<p><strong>La R\u00e9sidence La Sapini\u00e8re<\/strong>&nbsp;dispose de six institutions distinctes situ\u00e9es \u00e0 Braine-l\u2019Alleud, Chapelle-lez-Herlaimont, Masnuy-Saint-Jean, Nimy, Quaregnon, Seneffe et offrent un accueil adapt\u00e9 aux capacit\u00e9s et aux besoins de chaque individu.<\/p>\n<p>Chaque b\u00e9n\u00e9ficiaire est accueilli dans l\u2019institution qui lui correspond au mieux, en fonction de ses capacit\u00e9s cognitives, physiques et de ses besoins personnels.<\/p>\n<p><\/p>\n<p><strong>A propos de nous<\/strong><\/p>\n<p>Notre engagement se traduit par une disponibilit\u00e9 constante, 24 h\/24, 365 jours par an, d\u00e8s l\u2019\u00e2ge de 18 ans.<\/p>\n<p>La dur\u00e9e de l\u2019accueil est d\u00e9termin\u00e9e en accord avec la Maison D\u00e9partementale des Personnes handicap\u00e9es (MDPH).<\/p>\n<p><strong>La R\u00e9sidence La Sapini\u00e8re<\/strong>&nbsp;est agr\u00e9\u00e9e par l\u2019Agence pour une Vie de Qualit\u00e9 (AViQ), garantissant des normes de qualit\u00e9 \u00e9lev\u00e9es conformes aux r\u00e9glementations en vigueur.<\/p>\n<p><br><\/p>\n<p><strong>Coop\u00e9ration transfrontali\u00e8re<\/strong><\/p>\n<p><strong>La R\u00e9sidence La Sapini\u00e8re<\/strong>&nbsp;a sign\u00e9 avec L\u2019<strong>ARS Hauts-de-France<\/strong>&nbsp;(l\u2019Agence R\u00e9gionale de Sant\u00e9),<\/p>\n<p>une convention de coop\u00e9ration transfrontali\u00e8re relative \u00e0 l\u2019accueil et l\u2019accompagnement d\u2019adultes reconnus en situation de handicap par l\u2019institution fran\u00e7aise comp\u00e9tente.<\/p>\n<p>Cette collaboration renforce notre capacit\u00e9 \u00e0 accueillir et accompagner des adultes en situation de handicap par les autorit\u00e9s comp\u00e9tentes fran\u00e7aises.<\/p>\n<p><\/p>\n<p><strong><br><\/strong><\/p>\n<p><strong>Approche pluridisciplinaire<\/strong><\/p>\n<p><strong>&nbsp;<\/strong>Notre approche pluridisciplinaire garantit un suivi m\u00e9dical et \u00e9ducatif de qualit\u00e9. Des professionnels qualifi\u00e9s, tels que m\u00e9decins, psychiatre, g\u00e9n\u00e9ralistes, des aides-soignants, des th\u00e9rapeutes (psychologue, kin\u00e9sith\u00e9rapeute, orthophoniste, etc.), et des \u00e9ducateurs, travaillent ensemble pour int\u00e9grer ces services dans le projet personnel d\u2019accompagnement de chaque b\u00e9n\u00e9ficiaire.<\/p>\n<p><strong style=\"font-size: 14px; color: var( --e-global-color-text ); text-align: var(--text-align);\"><br><\/strong><\/p>\n<p><strong style=\"font-size: 14px; color: var( --e-global-color-text ); text-align: var(--text-align);\">Le bien-\u00eatre au c\u0153ur de notre mission<\/strong><\/p>\n<p><strong>&nbsp;<\/strong>Le bien-\u00eatre et le respect de la personne sont au c\u0153ur de notre projet. Nous favorisons le maintien des acquis, l\u2019am\u00e9lioration de l\u2019autonomie et l\u2019int\u00e9gration sociale. Des activit\u00e9s nombreuses et diversifi\u00e9es sont adapt\u00e9es aux capacit\u00e9s individuelles des b\u00e9n\u00e9ficiaires et sont propos\u00e9es quotidiennement, tant au sein de nos institutions qu\u2019\u00e0 l\u2019ext\u00e9rieur.<\/p>\n<p>Des retours en famille sont r\u00e9alis\u00e9s et pris en charge par l\u2019institution. Les parents sont invit\u00e9s \u00e0 rendre visite \u00e0 leur enfant quand ils le souhaitent. Les liens avec les familles sont privil\u00e9gi\u00e9s en maintenant les appels t\u00e9l\u00e9phoniques ou par visioconf\u00e9rence.<\/p>\n<p>Nous vous invitons \u00e0 d\u00e9couvrir nos institutions et leurs projets en parcourant notre site.<\/p>\t\t\t\t\t\t\t\t<\/div>\n\t\t\t\t<\/div>\n\t\t\t\t<\/div>\n\t\t\t\t<\/div>\n\t\t","protected":false},"excerpt":{"rendered":"<p>La Sapini\u00e8re de Braine-l&rsquo;Alleud La Sapini\u00e8re de Chapelle-lez-Herlaimont La Sapini\u00e8re de Masnuy-Saint-Jean La Sapini\u00e8re de Nimy La Sapini\u00e8re de Quaregnon La Sapini\u00e8re de Seneffe Bienvenue \u00e0 la \u00ab&nbsp;R\u00e9sidence La Sapini\u00e8re&nbsp;\u00bb La R\u00e9sidence La Sapini\u00e8re&nbsp;est un service r\u00e9sidentiel qui accueille et h\u00e9berge des adultes pr\u00e9sentant une d\u00e9ficience mentale de l\u00e9g\u00e8re \u00e0 s\u00e9v\u00e8re, parfois associ\u00e9e \u00e0 une [&hellip;]<\/p>\n","protected":false},"author":2,"featured_media":0,"parent":0,"menu_order":0,"comment_status":"closed","ping_status":"closed","template":"","meta":{"ocean_post_layout":"","ocean_both_sidebars_style":"","ocean_both_sidebars_content_width":0,"ocean_both_sidebars_sidebars_width":0,"ocean_sidebar":"footer-one","ocean_second_sidebar":"","ocean_disable_margins":"enable","ocean_add_body_class":"","ocean_shortcode_before_top_bar":"","ocean_shortcode_after_top_bar":"","ocean_shortcode_before_header":"","ocean_shortcode_after_header":"","ocean_has_shortcode":"","ocean_shortcode_after_title":"","ocean_shortcode_before_footer_widgets":"","ocean_shortcode_after_footer_widgets":"","ocean_shortcode_before_footer_bottom":"","ocean_shortcode_after_footer_bottom":"","ocean_display_top_bar":"default","ocean_display_header":"default","ocean_header_style":"","ocean_center_header_left_menu":"","ocean_custom_header_template":"","ocean_custom_logo":0,"ocean_custom_retina_logo":0,"ocean_custom_logo_max_width":0,"ocean_custom_logo_tablet_max_width":0,"ocean_custom_logo_mobile_max_width":0,"ocean_custom_logo_max_height":0,"ocean_custom_logo_tablet_max_height":0,"ocean_custom_logo_mobile_max_height":0,"ocean_header_custom_menu":"","ocean_menu_typo_font_family":"","ocean_menu_typo_font_subset":"","ocean_menu_typo_font_size":0,"ocean_menu_typo_font_size_tablet":0,"ocean_menu_typo_font_size_mobile":0,"ocean_menu_typo_font_size_unit":"px","ocean_menu_typo_font_weight":"","ocean_menu_typo_font_weight_tablet":"","ocean_menu_typo_font_weight_mobile":"","ocean_menu_typo_transform":"","ocean_menu_typo_transform_tablet":"","ocean_menu_typo_transform_mobile":"","ocean_menu_typo_line_height":0,"ocean_menu_typo_line_height_tablet":0,"ocean_menu_typo_line_height_mobile":0,"ocean_menu_typo_line_height_unit":"","ocean_menu_typo_spacing":0,"ocean_menu_typo_spacing_tablet":0,"ocean_menu_typo_spacing_mobile":0,"ocean_menu_typo_spacing_unit":"","ocean_menu_link_color":"","ocean_menu_link_color_hover":"","ocean_menu_link_color_active":"","ocean_menu_link_background":"","ocean_menu_link_hover_background":"","ocean_menu_link_active_background":"","ocean_menu_social_links_bg":"","ocean_menu_social_hover_links_bg":"","ocean_menu_social_links_color":"","ocean_menu_social_hover_links_color":"","ocean_disable_title":"default","ocean_disable_heading":"default","ocean_post_title":"","ocean_post_subheading":"","ocean_post_title_style":"","ocean_post_title_background_color":"","ocean_post_title_background":0,"ocean_post_title_bg_image_position":"","ocean_post_title_bg_image_attachment":"","ocean_post_title_bg_image_repeat":"","ocean_post_title_bg_image_size":"","ocean_post_title_height":0,"ocean_post_title_bg_overlay":0.5,"ocean_post_title_bg_overlay_color":"","ocean_disable_breadcrumbs":"default","ocean_breadcrumbs_color":"","ocean_breadcrumbs_separator_color":"","ocean_breadcrumbs_links_color":"","ocean_breadcrumbs_links_hover_color":"","ocean_display_footer_widgets":"on","ocean_display_footer_bottom":"default","ocean_custom_footer_template":"","footnotes":""},"class_list":["post-1800","page","type-page","status-publish","hentry","entry"],"_links":{"self":[{"href":"https:\/\/www.lasapiniere.net\/index.php?rest_route=\/wp\/v2\/pages\/1800","targetHints":{"allow":["GET"]}}],"collection":[{"href":"https:\/\/www.lasapiniere.net\/index.php?rest_route=\/wp\/v2\/pages"}],"about":[{"href":"https:\/\/www.lasapiniere.net\/index.php?rest_route=\/wp\/v2\/types\/page"}],"author":[{"embeddable":true,"href":"https:\/\/www.lasapiniere.net\/index.php?rest_route=\/wp\/v2\/users\/2"}],"replies":[{"embeddable":true,"href":"https:\/\/www.lasapiniere.net\/index.php?rest_route=%2Fwp%2Fv2%2Fcomments&post=1800"}],"version-history":[{"count":139,"href":"https:\/\/www.lasapiniere.net\/index.php?rest_route=\/wp\/v2\/pages\/1800\/revisions"}],"predecessor-version":[{"id":2698,"href":"https:\/\/www.lasapiniere.net\/index.php?rest_route=\/wp\/v2\/pages\/1800\/revisions\/2698"}],"wp:attachment":[{"href":"https:\/\/www.lasapiniere.net\/index.php?rest_route=%2Fwp%2Fv2%2Fmedia&parent=1800"}],"curies":[{"name":"wp","href":"https:\/\/api.w.org\/{rel}","templated":true}]}}