{"id":1779,"date":"2023-12-05T09:46:38","date_gmt":"2023-12-05T09:46:38","guid":{"rendered":"https:\/\/34.141.245.37\/?page_id=1779"},"modified":"2025-10-29T13:56:45","modified_gmt":"2025-10-29T12:56:45","slug":"prise-en-charge-5","status":"publish","type":"page","link":"https:\/\/www.lasapiniere.net\/?page_id=1779","title":{"rendered":"Prise en charge"},"content":{"rendered":"\t\t<div data-elementor-type=\"wp-page\" data-elementor-id=\"1779\" class=\"elementor elementor-1779\">\n\t\t\t\t<div class=\"elementor-element elementor-element-3dea37b e-flex e-con-boxed e-con e-parent\" data-id=\"3dea37b\" data-element_type=\"container\" data-e-type=\"container\">\n\t\t\t\t\t<div class=\"e-con-inner\">\n\t\t<div class=\"elementor-element elementor-element-105cef3 e-con-full e-flex e-con e-child\" data-id=\"105cef3\" data-element_type=\"container\" data-e-type=\"container\">\n\t\t\t\t<div class=\"elementor-element elementor-element-28437efe elementor-widget elementor-widget-text-editor\" data-id=\"28437efe\" data-element_type=\"widget\" data-e-type=\"widget\" data-widget_type=\"text-editor.default\">\n\t\t\t\t<div class=\"elementor-widget-container\">\n\t\t\t\t\t\t\t\t\t\n<p>Notre prise en charge est effectu\u00e9e par une \u00e9quipe pluridisciplinaire compos\u00e9e d\u2019\u00e9ducateurs, d\u2019aides-soignantes, d\u2019infirmi\u00e8res, d\u2019un m\u00e9decin g\u00e9n\u00e9raliste, d\u2019un m\u00e9decin psychiatre, d\u2019un psychologue, d\u2019un kin\u00e9sith\u00e9rapeute, etc.). Nous proposons aux b\u00e9n\u00e9ficiaires des activit\u00e9s int\u00e9rieures et ext\u00e9rieures qui rythment leurs journ\u00e9es. Les activit\u00e9s propos\u00e9es et choisies par les r\u00e9sidents favorisent le maintien des acquis, le d\u00e9veloppement de potentialit\u00e9s et comp\u00e9tences, elles favorisent l\u2019autonomie et contribuent \u00e0 la relation aux autres et \u00e0 l\u2019expression. Elles concourent au bien-\u00eatre et \u00e0 l\u2019\u00e9panouissement de chaque personne accueillie par une participation \u00e0 une vie sociale, culturelle et sportive.<\/p>\n\n\n\n<p>Notre journ\u00e9e type&nbsp;:<\/p>\n\n\n\n<p>7h00 \u2013 7h45 : lever<\/p>\n\n\n\n<p>8h00 \u2013 8h45 : petit-d\u00e9jeuner<\/p>\n\n\n\n<p>8h45 \u2013 9h45 : retour en chambre pour finir la toilette, le brossage des dents<\/p>\n\n\n\n<p>10h00 \u2013 12h30 : activit\u00e9 (2 activit\u00e9s int\u00e9rieures et 3 ext\u00e9rieures)<\/p>\n\n\n\n<p>12h30 \u2013 13h15 : repas de midi<\/p>\n\n\n\n<p>13h30 \u2013 14h45 : retour en chambre<\/p>\n\n\n\n<p>15h00 \u2013 18h30 : activit\u00e9 (2 activit\u00e9s int\u00e9rieures et 3 ext\u00e9rieures)<\/p>\n\n\n\n<p>18h45 \u2013 19h45 : repas du soir \u00e0 20h00 : retour en chambre, douche, etc<\/p>\n\n\n\n<p>Le rythme du week-end est en rupture avec celui de la semaine. Nous proposons un lever tardif le week-end. Les r\u00e9sidents ne sont pas oblig\u00e9s de choisir une activit\u00e9 mais des activit\u00e9s int\u00e9rieures et ext\u00e9rieures sont propos\u00e9es le matin et l\u2019apr\u00e8s-midi. Les r\u00e9sidents doivent regagner leur chambre \u00e0 minuit.<\/p>\n\n\n\n<p>&nbsp;Notre foyer propose de multiples activit\u00e9s choisies par le b\u00e9n\u00e9ficiaire. Elles sont organis\u00e9es sous forme d\u2019ateliers, soit \u00e0 l\u2019int\u00e9rieur du foyer, soit des activit\u00e9s qui se d\u00e9roulent \u00e0 l\u2019ext\u00e9rieur du foyer. Nous organisons des activit\u00e9s sportives (football, basketball, musculation, step, gym douce), des ateliers p\u00e9dagogiques (ferme, m\u00e9ditation, maintien des acquis, slam, etc.) et des activit\u00e9s artistiques (atelier floral, dessin, peinture, visite de mus\u00e9es, etc.).<\/p>\n\n\n\n<p>Nous proposons \u00e9galement des ateliers EVRAS (\u00e9ducation \u00e0 la vie relationnelle, affective et sexuelle) qui favorisent l\u2019\u00e9panouissement personnel par des activit\u00e9s visant \u00e0 \u00eatre mieux avec soi-m\u00eame, avec l\u2019autre dans sa vie amoureuse et sa sexualit\u00e9 et \u00e0 prendre en compte la vie affective et sexuelle des personnes et r\u00e9duire les risques li\u00e9s \u00e0 cela.<\/p>\n\t\t\t\t\t\t\t\t<\/div>\n\t\t\t\t<\/div>\n\t\t\t\t<\/div>\n\t\t<div class=\"elementor-element elementor-element-7dabc6a e-con-full e-flex e-con e-child\" data-id=\"7dabc6a\" data-element_type=\"container\" data-e-type=\"container\">\n\t\t\t\t<div class=\"elementor-element elementor-element-1efa0ba elementor-widget elementor-widget-image\" data-id=\"1efa0ba\" data-element_type=\"widget\" data-e-type=\"widget\" data-widget_type=\"image.default\">\n\t\t\t\t<div class=\"elementor-widget-container\">\n\t\t\t\t\t\t\t\t\t\t\t\t\t\t\t<img fetchpriority=\"high\" decoding=\"async\" width=\"1024\" height=\"768\" src=\"https:\/\/www.lasapiniere.net\/wp-content\/uploads\/2025\/10\/FacadeNimy-1024x768.jpg\" class=\"attachment-large size-large wp-image-2654\" alt=\"\" srcset=\"https:\/\/www.lasapiniere.net\/wp-content\/uploads\/2025\/10\/FacadeNimy-1024x768.jpg 1024w, https:\/\/www.lasapiniere.net\/wp-content\/uploads\/2025\/10\/FacadeNimy-300x225.jpg 300w, https:\/\/www.lasapiniere.net\/wp-content\/uploads\/2025\/10\/FacadeNimy-768x576.jpg 768w, https:\/\/www.lasapiniere.net\/wp-content\/uploads\/2025\/10\/FacadeNimy-1536x1152.jpg 1536w, https:\/\/www.lasapiniere.net\/wp-content\/uploads\/2025\/10\/FacadeNimy.jpg 2048w\" sizes=\"(max-width: 1024px) 100vw, 1024px\" \/>\t\t\t\t\t\t\t\t\t\t\t\t\t\t\t<\/div>\n\t\t\t\t<\/div>\n\t\t\t\t<\/div>\n\t\t\t\t\t<\/div>\n\t\t\t\t<\/div>\n\t\t\t\t<\/div>\n\t\t","protected":false},"excerpt":{"rendered":"<p>Notre prise en charge est effectu\u00e9e par une \u00e9quipe pluridisciplinaire compos\u00e9e d\u2019\u00e9ducateurs, d\u2019aides-soignantes, d\u2019infirmi\u00e8res, d\u2019un m\u00e9decin g\u00e9n\u00e9raliste, d\u2019un m\u00e9decin psychiatre, d\u2019un psychologue, d\u2019un kin\u00e9sith\u00e9rapeute, etc.). Nous proposons aux b\u00e9n\u00e9ficiaires des activit\u00e9s int\u00e9rieures et ext\u00e9rieures qui rythment leurs journ\u00e9es. Les activit\u00e9s propos\u00e9es et choisies par les r\u00e9sidents favorisent le maintien des acquis, le d\u00e9veloppement de potentialit\u00e9s [&hellip;]<\/p>\n","protected":false},"author":2,"featured_media":0,"parent":508,"menu_order":0,"comment_status":"closed","ping_status":"closed","template":"","meta":{"ocean_post_layout":"","ocean_both_sidebars_style":"","ocean_both_sidebars_content_width":0,"ocean_both_sidebars_sidebars_width":0,"ocean_sidebar":"","ocean_second_sidebar":"","ocean_disable_margins":"enable","ocean_add_body_class":"","ocean_shortcode_before_top_bar":"","ocean_shortcode_after_top_bar":"","ocean_shortcode_before_header":"","ocean_shortcode_after_header":"","ocean_has_shortcode":"","ocean_shortcode_after_title":"","ocean_shortcode_before_footer_widgets":"","ocean_shortcode_after_footer_widgets":"","ocean_shortcode_before_footer_bottom":"","ocean_shortcode_after_footer_bottom":"","ocean_display_top_bar":"default","ocean_display_header":"default","ocean_header_style":"","ocean_center_header_left_menu":"","ocean_custom_header_template":"","ocean_custom_logo":0,"ocean_custom_retina_logo":0,"ocean_custom_logo_max_width":0,"ocean_custom_logo_tablet_max_width":0,"ocean_custom_logo_mobile_max_width":0,"ocean_custom_logo_max_height":0,"ocean_custom_logo_tablet_max_height":0,"ocean_custom_logo_mobile_max_height":0,"ocean_header_custom_menu":"","ocean_menu_typo_font_family":"","ocean_menu_typo_font_subset":"","ocean_menu_typo_font_size":0,"ocean_menu_typo_font_size_tablet":0,"ocean_menu_typo_font_size_mobile":0,"ocean_menu_typo_font_size_unit":"px","ocean_menu_typo_font_weight":"","ocean_menu_typo_font_weight_tablet":"","ocean_menu_typo_font_weight_mobile":"","ocean_menu_typo_transform":"","ocean_menu_typo_transform_tablet":"","ocean_menu_typo_transform_mobile":"","ocean_menu_typo_line_height":0,"ocean_menu_typo_line_height_tablet":0,"ocean_menu_typo_line_height_mobile":0,"ocean_menu_typo_line_height_unit":"","ocean_menu_typo_spacing":0,"ocean_menu_typo_spacing_tablet":0,"ocean_menu_typo_spacing_mobile":0,"ocean_menu_typo_spacing_unit":"","ocean_menu_link_color":"","ocean_menu_link_color_hover":"","ocean_menu_link_color_active":"","ocean_menu_link_background":"","ocean_menu_link_hover_background":"","ocean_menu_link_active_background":"","ocean_menu_social_links_bg":"","ocean_menu_social_hover_links_bg":"","ocean_menu_social_links_color":"","ocean_menu_social_hover_links_color":"","ocean_disable_title":"default","ocean_disable_heading":"default","ocean_post_title":"","ocean_post_subheading":"","ocean_post_title_style":"","ocean_post_title_background_color":"","ocean_post_title_background":0,"ocean_post_title_bg_image_position":"","ocean_post_title_bg_image_attachment":"","ocean_post_title_bg_image_repeat":"","ocean_post_title_bg_image_size":"","ocean_post_title_height":0,"ocean_post_title_bg_overlay":0.5,"ocean_post_title_bg_overlay_color":"","ocean_disable_breadcrumbs":"default","ocean_breadcrumbs_color":"","ocean_breadcrumbs_separator_color":"","ocean_breadcrumbs_links_color":"","ocean_breadcrumbs_links_hover_color":"","ocean_display_footer_widgets":"default","ocean_display_footer_bottom":"default","ocean_custom_footer_template":"","footnotes":""},"class_list":["post-1779","page","type-page","status-publish","hentry","entry"],"_links":{"self":[{"href":"https:\/\/www.lasapiniere.net\/index.php?rest_route=\/wp\/v2\/pages\/1779","targetHints":{"allow":["GET"]}}],"collection":[{"href":"https:\/\/www.lasapiniere.net\/index.php?rest_route=\/wp\/v2\/pages"}],"about":[{"href":"https:\/\/www.lasapiniere.net\/index.php?rest_route=\/wp\/v2\/types\/page"}],"author":[{"embeddable":true,"href":"https:\/\/www.lasapiniere.net\/index.php?rest_route=\/wp\/v2\/users\/2"}],"replies":[{"embeddable":true,"href":"https:\/\/www.lasapiniere.net\/index.php?rest_route=%2Fwp%2Fv2%2Fcomments&post=1779"}],"version-history":[{"count":8,"href":"https:\/\/www.lasapiniere.net\/index.php?rest_route=\/wp\/v2\/pages\/1779\/revisions"}],"predecessor-version":[{"id":2663,"href":"https:\/\/www.lasapiniere.net\/index.php?rest_route=\/wp\/v2\/pages\/1779\/revisions\/2663"}],"up":[{"embeddable":true,"href":"https:\/\/www.lasapiniere.net\/index.php?rest_route=\/wp\/v2\/pages\/508"}],"wp:attachment":[{"href":"https:\/\/www.lasapiniere.net\/index.php?rest_route=%2Fwp%2Fv2%2Fmedia&parent=1779"}],"curies":[{"name":"wp","href":"https:\/\/api.w.org\/{rel}","templated":true}]}}