{"id":1767,"date":"2023-12-05T09:44:34","date_gmt":"2023-12-05T09:44:34","guid":{"rendered":"https:\/\/34.141.245.37\/?page_id=1767"},"modified":"2025-10-29T14:23:40","modified_gmt":"2025-10-29T13:23:40","slug":"prise-en-charge","status":"publish","type":"page","link":"https:\/\/www.lasapiniere.net\/?page_id=1767","title":{"rendered":"Prise en charge"},"content":{"rendered":"\t\t<div data-elementor-type=\"wp-page\" data-elementor-id=\"1767\" class=\"elementor elementor-1767\">\n\t\t\t\t<div class=\"elementor-element elementor-element-ab5a42a e-flex e-con-boxed e-con e-parent\" data-id=\"ab5a42a\" data-element_type=\"container\" data-e-type=\"container\">\n\t\t\t\t\t<div class=\"e-con-inner\">\n\t\t<div class=\"elementor-element elementor-element-c86d6f9 e-con-full e-flex e-con e-child\" data-id=\"c86d6f9\" data-element_type=\"container\" data-e-type=\"container\">\n\t\t\t\t<div class=\"elementor-element elementor-element-47192169 elementor-widget elementor-widget-text-editor\" data-id=\"47192169\" data-element_type=\"widget\" data-e-type=\"widget\" data-widget_type=\"text-editor.default\">\n\t\t\t\t<div class=\"elementor-widget-container\">\n\t\t\t\t\t\t\t\t\t\n<p>Notre approche principale repose sur la prise en charge \u00e9ducative. Chaque b\u00e9n\u00e9ficiaire re\u00e7oit un soutien continu de la part d&rsquo;une \u00e9quipe qualifi\u00e9e tout au long de la journ\u00e9e. Cet accompagnement est personnalis\u00e9 et vise \u00e0 pr\u00e9server les comp\u00e9tences acquises tout en favorisant le d\u00e9veloppement de l&rsquo;autonomie dans les activit\u00e9s quotidiennes, en tenant compte des capacit\u00e9s et des aspirations de chaque individu. Chacun des usagers b\u00e9n\u00e9ficie d&rsquo;un projet individualis\u00e9, supervis\u00e9 par un psychologue.<\/p>\n\n\n\n<p>Notre objectif est de cr\u00e9er un projet de vie sur mesure pour chaque personne en mettant en place un plan d\u2019accompagnement personnalis\u00e9 visant \u00e0 favoriser leur \u00e9panouissement social, personnel et leur bien-\u00eatre physique.<\/p>\n\n\n\n<p>La conception de ces projets fait l&rsquo;objet de r\u00e9unions d&rsquo;\u00e9quipe fr\u00e9quentes, au cours desquelles l&rsquo;\u00e9quipe \u00e9ducative et le psychologue analysent les potentialit\u00e9s de chacun et \u00e9laborent concr\u00e8tement les objectifs du projet. Le r\u00e9sident est bien s\u00fbr vivement encourag\u00e9 \u00e0 participer \u00e0 l&rsquo;\u00e9laboration de son propre projet dont il est la figure de proue, en fonction de ses capacit\u00e9s.<\/p>\n\n\n\n<p>Nos soins m\u00e9dicaux et param\u00e9dicaux sont \u00e0 la fois curatifs et pr\u00e9ventifs. Notre \u00e9quipe d&rsquo;infirmiers et d&rsquo;aide-soignants assure la coordination du suivi m\u00e9dical en \u00e9troite collaboration avec les m\u00e9decins. Dans le respect du secret m\u00e9dical, elle tient les \u00e9quipes \u00e9ducatives inform\u00e9es et assure le lien avec les familles pour ce qui concerne la partie m\u00e9dicale. Le personnel infirmier s&rsquo;occupe de l&rsquo;hygi\u00e8ne des r\u00e9sidents, de la pr\u00e9paration et de la distribution des m\u00e9dicaments, de la gestion des dossiers m\u00e9dicaux, et accompagne les b\u00e9n\u00e9ficiaires lors de leurs visites chez les sp\u00e9cialistes.<\/p>\n\n\n\n<p>Le m\u00e9decin g\u00e9n\u00e9raliste consulte mensuellement le b\u00e9n\u00e9ficiaire. Un psychiatre interagit \u00e9galement avec les personnes n\u00e9cessitant son expertise. De m\u00eame, un kin\u00e9sith\u00e9rapeute assure des passages hebdomadaires sur le foyer.<\/p>\n\n\n\n<p>Des rendez-vous chez le dentiste, le gyn\u00e9cologue et l&rsquo;ophtalmologue sont planifi\u00e9s annuellement. La fr\u00e9quence des consultations et la participation d&rsquo;autres sp\u00e9cialistes s&rsquo;adaptent en fonction de l&rsquo;\u00e9tat de sant\u00e9 de la personne. De plus, la psychologue rencontre chaque semaine les b\u00e9n\u00e9ficiaires pour soutenir leur bien-\u00eatre mental et \u00e9motionnel.<\/p>\n\t\t\t\t\t\t\t\t<\/div>\n\t\t\t\t<\/div>\n\t\t\t\t<\/div>\n\t\t<div class=\"elementor-element elementor-element-8a0d45d e-con-full e-flex e-con e-child\" data-id=\"8a0d45d\" data-element_type=\"container\" data-e-type=\"container\">\n\t\t\t\t<div class=\"elementor-element elementor-element-73b8c5b elementor-widget elementor-widget-image\" data-id=\"73b8c5b\" data-element_type=\"widget\" data-e-type=\"widget\" data-widget_type=\"image.default\">\n\t\t\t\t<div class=\"elementor-widget-container\">\n\t\t\t\t\t\t\t\t\t\t\t\t\t\t\t<img fetchpriority=\"high\" decoding=\"async\" width=\"1024\" height=\"768\" src=\"https:\/\/www.lasapiniere.net\/wp-content\/uploads\/2025\/10\/FacadeQuaregnonplaques-1024x768.jpg\" class=\"attachment-large size-large wp-image-2683\" alt=\"\" srcset=\"https:\/\/www.lasapiniere.net\/wp-content\/uploads\/2025\/10\/FacadeQuaregnonplaques-1024x768.jpg 1024w, https:\/\/www.lasapiniere.net\/wp-content\/uploads\/2025\/10\/FacadeQuaregnonplaques-300x225.jpg 300w, https:\/\/www.lasapiniere.net\/wp-content\/uploads\/2025\/10\/FacadeQuaregnonplaques-768x576.jpg 768w, https:\/\/www.lasapiniere.net\/wp-content\/uploads\/2025\/10\/FacadeQuaregnonplaques-1536x1152.jpg 1536w, https:\/\/www.lasapiniere.net\/wp-content\/uploads\/2025\/10\/FacadeQuaregnonplaques.jpg 2048w\" sizes=\"(max-width: 1024px) 100vw, 1024px\" \/>\t\t\t\t\t\t\t\t\t\t\t\t\t\t\t<\/div>\n\t\t\t\t<\/div>\n\t\t\t\t<\/div>\n\t\t\t\t\t<\/div>\n\t\t\t\t<\/div>\n\t\t\t\t<\/div>\n\t\t","protected":false},"excerpt":{"rendered":"<p>Notre approche principale repose sur la prise en charge \u00e9ducative. Chaque b\u00e9n\u00e9ficiaire re\u00e7oit un soutien continu de la part d&rsquo;une \u00e9quipe qualifi\u00e9e tout au long de la journ\u00e9e. Cet accompagnement est personnalis\u00e9 et vise \u00e0 pr\u00e9server les comp\u00e9tences acquises tout en favorisant le d\u00e9veloppement de l&rsquo;autonomie dans les activit\u00e9s quotidiennes, en tenant compte des capacit\u00e9s [&hellip;]<\/p>\n","protected":false},"author":2,"featured_media":0,"parent":1182,"menu_order":0,"comment_status":"closed","ping_status":"closed","template":"","meta":{"ocean_post_layout":"","ocean_both_sidebars_style":"","ocean_both_sidebars_content_width":0,"ocean_both_sidebars_sidebars_width":0,"ocean_sidebar":"","ocean_second_sidebar":"","ocean_disable_margins":"enable","ocean_add_body_class":"","ocean_shortcode_before_top_bar":"","ocean_shortcode_after_top_bar":"","ocean_shortcode_before_header":"","ocean_shortcode_after_header":"","ocean_has_shortcode":"","ocean_shortcode_after_title":"","ocean_shortcode_before_footer_widgets":"","ocean_shortcode_after_footer_widgets":"","ocean_shortcode_before_footer_bottom":"","ocean_shortcode_after_footer_bottom":"","ocean_display_top_bar":"default","ocean_display_header":"default","ocean_header_style":"","ocean_center_header_left_menu":"","ocean_custom_header_template":"","ocean_custom_logo":0,"ocean_custom_retina_logo":0,"ocean_custom_logo_max_width":0,"ocean_custom_logo_tablet_max_width":0,"ocean_custom_logo_mobile_max_width":0,"ocean_custom_logo_max_height":0,"ocean_custom_logo_tablet_max_height":0,"ocean_custom_logo_mobile_max_height":0,"ocean_header_custom_menu":"","ocean_menu_typo_font_family":"","ocean_menu_typo_font_subset":"","ocean_menu_typo_font_size":0,"ocean_menu_typo_font_size_tablet":0,"ocean_menu_typo_font_size_mobile":0,"ocean_menu_typo_font_size_unit":"px","ocean_menu_typo_font_weight":"","ocean_menu_typo_font_weight_tablet":"","ocean_menu_typo_font_weight_mobile":"","ocean_menu_typo_transform":"","ocean_menu_typo_transform_tablet":"","ocean_menu_typo_transform_mobile":"","ocean_menu_typo_line_height":0,"ocean_menu_typo_line_height_tablet":0,"ocean_menu_typo_line_height_mobile":0,"ocean_menu_typo_line_height_unit":"","ocean_menu_typo_spacing":0,"ocean_menu_typo_spacing_tablet":0,"ocean_menu_typo_spacing_mobile":0,"ocean_menu_typo_spacing_unit":"","ocean_menu_link_color":"","ocean_menu_link_color_hover":"","ocean_menu_link_color_active":"","ocean_menu_link_background":"","ocean_menu_link_hover_background":"","ocean_menu_link_active_background":"","ocean_menu_social_links_bg":"","ocean_menu_social_hover_links_bg":"","ocean_menu_social_links_color":"","ocean_menu_social_hover_links_color":"","ocean_disable_title":"default","ocean_disable_heading":"default","ocean_post_title":"","ocean_post_subheading":"","ocean_post_title_style":"","ocean_post_title_background_color":"","ocean_post_title_background":0,"ocean_post_title_bg_image_position":"","ocean_post_title_bg_image_attachment":"","ocean_post_title_bg_image_repeat":"","ocean_post_title_bg_image_size":"","ocean_post_title_height":0,"ocean_post_title_bg_overlay":0.5,"ocean_post_title_bg_overlay_color":"","ocean_disable_breadcrumbs":"default","ocean_breadcrumbs_color":"","ocean_breadcrumbs_separator_color":"","ocean_breadcrumbs_links_color":"","ocean_breadcrumbs_links_hover_color":"","ocean_display_footer_widgets":"default","ocean_display_footer_bottom":"default","ocean_custom_footer_template":"","footnotes":""},"class_list":["post-1767","page","type-page","status-publish","hentry","entry"],"_links":{"self":[{"href":"https:\/\/www.lasapiniere.net\/index.php?rest_route=\/wp\/v2\/pages\/1767","targetHints":{"allow":["GET"]}}],"collection":[{"href":"https:\/\/www.lasapiniere.net\/index.php?rest_route=\/wp\/v2\/pages"}],"about":[{"href":"https:\/\/www.lasapiniere.net\/index.php?rest_route=\/wp\/v2\/types\/page"}],"author":[{"embeddable":true,"href":"https:\/\/www.lasapiniere.net\/index.php?rest_route=\/wp\/v2\/users\/2"}],"replies":[{"embeddable":true,"href":"https:\/\/www.lasapiniere.net\/index.php?rest_route=%2Fwp%2Fv2%2Fcomments&post=1767"}],"version-history":[{"count":11,"href":"https:\/\/www.lasapiniere.net\/index.php?rest_route=\/wp\/v2\/pages\/1767\/revisions"}],"predecessor-version":[{"id":2692,"href":"https:\/\/www.lasapiniere.net\/index.php?rest_route=\/wp\/v2\/pages\/1767\/revisions\/2692"}],"up":[{"embeddable":true,"href":"https:\/\/www.lasapiniere.net\/index.php?rest_route=\/wp\/v2\/pages\/1182"}],"wp:attachment":[{"href":"https:\/\/www.lasapiniere.net\/index.php?rest_route=%2Fwp%2Fv2%2Fmedia&parent=1767"}],"curies":[{"name":"wp","href":"https:\/\/api.w.org\/{rel}","templated":true}]}}