{"id":1757,"date":"2023-12-04T15:29:14","date_gmt":"2023-12-04T15:29:14","guid":{"rendered":"https:\/\/34.141.245.37\/?page_id=1757"},"modified":"2025-10-29T13:57:03","modified_gmt":"2025-10-29T12:57:03","slug":"projet-pedagogique-6","status":"publish","type":"page","link":"https:\/\/www.lasapiniere.net\/?page_id=1757","title":{"rendered":"Projet p\u00e9dagogique"},"content":{"rendered":"\t\t<div data-elementor-type=\"wp-page\" data-elementor-id=\"1757\" class=\"elementor elementor-1757\">\n\t\t\t\t<div class=\"elementor-element elementor-element-560357a e-flex e-con-boxed e-con e-parent\" data-id=\"560357a\" data-element_type=\"container\" data-e-type=\"container\">\n\t\t\t\t\t<div class=\"e-con-inner\">\n\t\t<div class=\"elementor-element elementor-element-f20100e e-con-full e-flex e-con e-child\" data-id=\"f20100e\" data-element_type=\"container\" data-e-type=\"container\">\n\t\t\t\t<div class=\"elementor-element elementor-element-2357bbd2 elementor-widget elementor-widget-text-editor\" data-id=\"2357bbd2\" data-element_type=\"widget\" data-e-type=\"widget\" data-widget_type=\"text-editor.default\">\n\t\t\t\t<div class=\"elementor-widget-container\">\n\t\t\t\t\t\t\t\t\t\n<p>L\u2019accueil des b\u00e9n\u00e9ficiaires est assur\u00e9 du 1er janvier au 31 d\u00e9cembre, 24h\/24.&nbsp; Une \u00e9quipe pluridisciplinaire propose une prise en charge m\u00e9dico-psycho-\u00e9ducative adapt\u00e9e aux besoins des personnes accueillies dans un lieu de vie chaleureux et humain, en restant le plus proche possible du quotidien de tout un chacun. Elle pose un cadre coh\u00e9rent et s\u00e9curisant, tout en donnant une certaine libert\u00e9 souhait\u00e9e par ce type de public relativement autonome.<\/p>\n\n\n\n<p>Nous \u00e9laborons des projets personnels d\u2019accompagnement favorisant l\u2019autonomie, l\u2019inclusion par des activit\u00e9s r\u00e9alis\u00e9es en utilisant les comp\u00e9tences internes \u00e0 l\u2019\u00e9quipe d\u2019accompagnement ou en collaboration avec des partenaires ext\u00e9rieurs intervenant par le biais de conventions de b\u00e9n\u00e9volat ainsi que des mini-s\u00e9jours encadr\u00e9s par des \u00e9ducateurs du Foyer partant pour une exp\u00e9rience de vie en commun sur un site ext\u00e9rieur.<\/p>\n\t\t\t\t\t\t\t\t<\/div>\n\t\t\t\t<\/div>\n\t\t\t\t<\/div>\n\t\t<div class=\"elementor-element elementor-element-c96056d e-con-full e-flex e-con e-child\" data-id=\"c96056d\" data-element_type=\"container\" data-e-type=\"container\">\n\t\t\t\t<div class=\"elementor-element elementor-element-4296840 elementor-widget elementor-widget-image\" data-id=\"4296840\" data-element_type=\"widget\" data-e-type=\"widget\" data-widget_type=\"image.default\">\n\t\t\t\t<div class=\"elementor-widget-container\">\n\t\t\t\t\t\t\t\t\t\t\t\t\t\t\t<img fetchpriority=\"high\" decoding=\"async\" width=\"1024\" height=\"768\" src=\"https:\/\/www.lasapiniere.net\/wp-content\/uploads\/2025\/10\/FacadeNimy-1024x768.jpg\" class=\"attachment-large size-large wp-image-2654\" alt=\"\" srcset=\"https:\/\/www.lasapiniere.net\/wp-content\/uploads\/2025\/10\/FacadeNimy-1024x768.jpg 1024w, https:\/\/www.lasapiniere.net\/wp-content\/uploads\/2025\/10\/FacadeNimy-300x225.jpg 300w, https:\/\/www.lasapiniere.net\/wp-content\/uploads\/2025\/10\/FacadeNimy-768x576.jpg 768w, https:\/\/www.lasapiniere.net\/wp-content\/uploads\/2025\/10\/FacadeNimy-1536x1152.jpg 1536w, https:\/\/www.lasapiniere.net\/wp-content\/uploads\/2025\/10\/FacadeNimy.jpg 2048w\" sizes=\"(max-width: 1024px) 100vw, 1024px\" \/>\t\t\t\t\t\t\t\t\t\t\t\t\t\t\t<\/div>\n\t\t\t\t<\/div>\n\t\t\t\t<\/div>\n\t\t\t\t\t<\/div>\n\t\t\t\t<\/div>\n\t\t\t\t<\/div>\n\t\t","protected":false},"excerpt":{"rendered":"<p>L\u2019accueil des b\u00e9n\u00e9ficiaires est assur\u00e9 du 1er janvier au 31 d\u00e9cembre, 24h\/24.&nbsp; Une \u00e9quipe pluridisciplinaire propose une prise en charge m\u00e9dico-psycho-\u00e9ducative adapt\u00e9e aux besoins des personnes accueillies dans un lieu de vie chaleureux et humain, en restant le plus proche possible du quotidien de tout un chacun. Elle pose un cadre coh\u00e9rent et s\u00e9curisant, tout [&hellip;]<\/p>\n","protected":false},"author":2,"featured_media":0,"parent":508,"menu_order":0,"comment_status":"closed","ping_status":"closed","template":"","meta":{"ocean_post_layout":"","ocean_both_sidebars_style":"","ocean_both_sidebars_content_width":0,"ocean_both_sidebars_sidebars_width":0,"ocean_sidebar":"","ocean_second_sidebar":"","ocean_disable_margins":"enable","ocean_add_body_class":"","ocean_shortcode_before_top_bar":"","ocean_shortcode_after_top_bar":"","ocean_shortcode_before_header":"","ocean_shortcode_after_header":"","ocean_has_shortcode":"","ocean_shortcode_after_title":"","ocean_shortcode_before_footer_widgets":"","ocean_shortcode_after_footer_widgets":"","ocean_shortcode_before_footer_bottom":"","ocean_shortcode_after_footer_bottom":"","ocean_display_top_bar":"default","ocean_display_header":"default","ocean_header_style":"","ocean_center_header_left_menu":"","ocean_custom_header_template":"","ocean_custom_logo":0,"ocean_custom_retina_logo":0,"ocean_custom_logo_max_width":0,"ocean_custom_logo_tablet_max_width":0,"ocean_custom_logo_mobile_max_width":0,"ocean_custom_logo_max_height":0,"ocean_custom_logo_tablet_max_height":0,"ocean_custom_logo_mobile_max_height":0,"ocean_header_custom_menu":"","ocean_menu_typo_font_family":"","ocean_menu_typo_font_subset":"","ocean_menu_typo_font_size":0,"ocean_menu_typo_font_size_tablet":0,"ocean_menu_typo_font_size_mobile":0,"ocean_menu_typo_font_size_unit":"px","ocean_menu_typo_font_weight":"","ocean_menu_typo_font_weight_tablet":"","ocean_menu_typo_font_weight_mobile":"","ocean_menu_typo_transform":"","ocean_menu_typo_transform_tablet":"","ocean_menu_typo_transform_mobile":"","ocean_menu_typo_line_height":0,"ocean_menu_typo_line_height_tablet":0,"ocean_menu_typo_line_height_mobile":0,"ocean_menu_typo_line_height_unit":"","ocean_menu_typo_spacing":0,"ocean_menu_typo_spacing_tablet":0,"ocean_menu_typo_spacing_mobile":0,"ocean_menu_typo_spacing_unit":"","ocean_menu_link_color":"","ocean_menu_link_color_hover":"","ocean_menu_link_color_active":"","ocean_menu_link_background":"","ocean_menu_link_hover_background":"","ocean_menu_link_active_background":"","ocean_menu_social_links_bg":"","ocean_menu_social_hover_links_bg":"","ocean_menu_social_links_color":"","ocean_menu_social_hover_links_color":"","ocean_disable_title":"default","ocean_disable_heading":"default","ocean_post_title":"","ocean_post_subheading":"","ocean_post_title_style":"","ocean_post_title_background_color":"","ocean_post_title_background":0,"ocean_post_title_bg_image_position":"","ocean_post_title_bg_image_attachment":"","ocean_post_title_bg_image_repeat":"","ocean_post_title_bg_image_size":"","ocean_post_title_height":0,"ocean_post_title_bg_overlay":0.5,"ocean_post_title_bg_overlay_color":"","ocean_disable_breadcrumbs":"default","ocean_breadcrumbs_color":"","ocean_breadcrumbs_separator_color":"","ocean_breadcrumbs_links_color":"","ocean_breadcrumbs_links_hover_color":"","ocean_display_footer_widgets":"default","ocean_display_footer_bottom":"default","ocean_custom_footer_template":"","footnotes":""},"class_list":["post-1757","page","type-page","status-publish","hentry","entry"],"_links":{"self":[{"href":"https:\/\/www.lasapiniere.net\/index.php?rest_route=\/wp\/v2\/pages\/1757","targetHints":{"allow":["GET"]}}],"collection":[{"href":"https:\/\/www.lasapiniere.net\/index.php?rest_route=\/wp\/v2\/pages"}],"about":[{"href":"https:\/\/www.lasapiniere.net\/index.php?rest_route=\/wp\/v2\/types\/page"}],"author":[{"embeddable":true,"href":"https:\/\/www.lasapiniere.net\/index.php?rest_route=\/wp\/v2\/users\/2"}],"replies":[{"embeddable":true,"href":"https:\/\/www.lasapiniere.net\/index.php?rest_route=%2Fwp%2Fv2%2Fcomments&post=1757"}],"version-history":[{"count":8,"href":"https:\/\/www.lasapiniere.net\/index.php?rest_route=\/wp\/v2\/pages\/1757\/revisions"}],"predecessor-version":[{"id":2666,"href":"https:\/\/www.lasapiniere.net\/index.php?rest_route=\/wp\/v2\/pages\/1757\/revisions\/2666"}],"up":[{"embeddable":true,"href":"https:\/\/www.lasapiniere.net\/index.php?rest_route=\/wp\/v2\/pages\/508"}],"wp:attachment":[{"href":"https:\/\/www.lasapiniere.net\/index.php?rest_route=%2Fwp%2Fv2%2Fmedia&parent=1757"}],"curies":[{"name":"wp","href":"https:\/\/api.w.org\/{rel}","templated":true}]}}