{"id":1751,"date":"2023-12-04T15:28:51","date_gmt":"2023-12-04T15:28:51","guid":{"rendered":"https:\/\/34.141.245.37\/?page_id=1751"},"modified":"2023-12-14T14:33:18","modified_gmt":"2023-12-14T14:33:18","slug":"projet-pedagogique-4","status":"publish","type":"page","link":"https:\/\/www.lasapiniere.net\/?page_id=1751","title":{"rendered":"Projet p\u00e9dagogique"},"content":{"rendered":"\t\t<div data-elementor-type=\"wp-page\" data-elementor-id=\"1751\" class=\"elementor elementor-1751\">\n\t\t\t\t<div class=\"elementor-element elementor-element-7730d6c e-flex e-con-boxed e-con e-parent\" data-id=\"7730d6c\" data-element_type=\"container\" data-e-type=\"container\">\n\t\t\t\t\t<div class=\"e-con-inner\">\n\t\t<div class=\"elementor-element elementor-element-1ea5a65 e-con-full e-flex e-con e-child\" data-id=\"1ea5a65\" data-element_type=\"container\" data-e-type=\"container\">\n\t\t\t\t<div class=\"elementor-element elementor-element-4ad232cb elementor-widget elementor-widget-text-editor\" data-id=\"4ad232cb\" data-element_type=\"widget\" data-e-type=\"widget\" data-widget_type=\"text-editor.default\">\n\t\t\t\t<div class=\"elementor-widget-container\">\n\t\t\t\t\t\t\t\t\t\n<p>\u00ab&nbsp;Chaque histoire est unique, chaque sourire est pr\u00e9cieux&nbsp;\u00bb<\/p>\n\n\n\n<p>Nous accueillons 42 personnes exceptionnelles, chacune avec sa propre histoire, ses besoins uniques et ses aspirations personnelles, dans un environnement bienveillant et adapt\u00e9.<\/p>\n\n\n\n<p>Notre mission est ancr\u00e9e dans le respect de la dignit\u00e9 et de l&rsquo;autonomie de chaque r\u00e9sident, en d\u00e9pit des d\u00e9fis li\u00e9s aux troubles mentaux.<\/p>\n\n\n\n<p>&nbsp;Notre projet vise \u00e0 mettre en \u0153uvre des pratiques innovantes, \u00e0 promouvoir l&rsquo;\u00e9panouissement individuel et \u00e0 favoriser une participation active \u00e0 la vie citoyenne. En collaboration avec notre \u00e9quipe d\u00e9vou\u00e9e de professionnels de la sant\u00e9, d&rsquo;\u00e9ducateurs et de personnel de soutien, nous nous effor\u00e7ons de b\u00e2tir un environnement s\u00fbr, inclusif et enrichissant o\u00f9 chaque r\u00e9sident peut \u00e9voluer et s&rsquo;\u00e9panouir.<\/p>\n\n\n\n<p>&nbsp;Ce projet repr\u00e9sente notre engagement envers la dignit\u00e9, le respect et le potentiel inestimable de chaque individu que nous avons le privil\u00e8ge d&rsquo;accompagner.<\/p>\n\n\n\n<p>Notre projet est le fondement de notre mission, il passe par diff\u00e9rents axes &nbsp;:<\/p>\n\n\n\n<ul class=\"wp-block-list\">\n<li>Une \u00e9quipe de professionnels form\u00e9s et d\u00e9di\u00e9s \u00e0 la mise en \u0153uvre du projet, incluant des \u00e9ducateurs, des th\u00e9rapeutes, des travailleurs sociaux et du personnel de sant\u00e9 qualifi\u00e9.<\/li>\n\n\n\n<li>Une planification rigoureuse&nbsp;: Nous \u00e9laborons un programme d\u00e9taill\u00e9 qui inclut les activit\u00e9s, les \u00e9ch\u00e9ances, les objectifs sp\u00e9cifiques, et les responsabilit\u00e9s de chaque membre de l&rsquo;\u00e9quipe.<\/li>\n\n\n\n<li>Un suivi r\u00e9gulier et un accompagnement permanent&nbsp;: Nous organisons des r\u00e9unions r\u00e9guli\u00e8res pour \u00e9valuer la progression du projet et ajuster les activit\u00e9s si n\u00e9cessaire. Nous offrons un soutien continu pour que les r\u00e9sidents puissent faire face aux d\u00e9fis \u00e9motionnels et mentaux, en mettant l\u2019accent sur le bien-\u00eatre mental.<\/li>\n\n\n\n<li>Inclusion familiale&nbsp;: Nous encourageons la communication et la relation avec les familles des r\u00e9sidents pour assurer un environnement familial et de soutien.<\/li>\n\n\n\n<li>Communication et transparence&nbsp;: Nous favorisons une communication ouverte et transparente entre le personnel, les r\u00e9sidents et leur famille, pour partager des retours, des id\u00e9es, des pr\u00e9occupations, etc.<\/li>\n\n\n\n<li>Adaptabilit\u00e9 et individualisation&nbsp;: Nous ajustons les projets en fonction des besoins et du d\u00e9veloppement des r\u00e9sidents. Nous partons du postulat que chaque individu est singulier et qu\u2019il m\u00e9rite un accompagnement personnalis\u00e9.<\/li>\n\n\n\n<li>Ouverture sur l\u2019ext\u00e9rieur&nbsp;: Nous mettons en place des activit\u00e9s orient\u00e9es vers l\u2019environnement ext\u00e9rieur avec des vis\u00e9es d\u2019inclusion, nous nouons des partenariats avec des associations, des organisations, des collectivit\u00e9s. Nous favorisons l\u2019implication dans les communaut\u00e9s locales, etc.<\/li>\n<\/ul>\n\t\t\t\t\t\t\t\t<\/div>\n\t\t\t\t<\/div>\n\t\t\t\t<\/div>\n\t\t<div class=\"elementor-element elementor-element-958d65f e-con-full e-flex e-con e-child\" data-id=\"958d65f\" data-element_type=\"container\" data-e-type=\"container\">\n\t\t\t\t<div class=\"elementor-element elementor-element-001566f elementor-widget elementor-widget-image\" data-id=\"001566f\" data-element_type=\"widget\" data-e-type=\"widget\" data-widget_type=\"image.default\">\n\t\t\t\t<div class=\"elementor-widget-container\">\n\t\t\t\t\t\t\t\t\t\t\t\t\t\t\t<img fetchpriority=\"high\" decoding=\"async\" width=\"1024\" height=\"683\" src=\"https:\/\/www.lasapiniere.net\/wp-content\/uploads\/2023\/12\/Batiment-Seneffe-web-4-1024x683.jpg\" class=\"attachment-large size-large wp-image-2079\" alt=\"\" srcset=\"https:\/\/www.lasapiniere.net\/wp-content\/uploads\/2023\/12\/Batiment-Seneffe-web-4-1024x683.jpg 1024w, https:\/\/www.lasapiniere.net\/wp-content\/uploads\/2023\/12\/Batiment-Seneffe-web-4-300x200.jpg 300w, https:\/\/www.lasapiniere.net\/wp-content\/uploads\/2023\/12\/Batiment-Seneffe-web-4-768x512.jpg 768w, https:\/\/www.lasapiniere.net\/wp-content\/uploads\/2023\/12\/Batiment-Seneffe-web-4.jpg 1200w\" sizes=\"(max-width: 1024px) 100vw, 1024px\" \/>\t\t\t\t\t\t\t\t\t\t\t\t\t\t\t<\/div>\n\t\t\t\t<\/div>\n\t\t\t\t<\/div>\n\t\t\t\t\t<\/div>\n\t\t\t\t<\/div>\n\t\t\t\t<\/div>\n\t\t","protected":false},"excerpt":{"rendered":"<p>\u00ab&nbsp;Chaque histoire est unique, chaque sourire est pr\u00e9cieux&nbsp;\u00bb Nous accueillons 42 personnes exceptionnelles, chacune avec sa propre histoire, ses besoins uniques et ses aspirations personnelles, dans un environnement bienveillant et adapt\u00e9. Notre mission est ancr\u00e9e dans le respect de la dignit\u00e9 et de l&rsquo;autonomie de chaque r\u00e9sident, en d\u00e9pit des d\u00e9fis li\u00e9s aux troubles mentaux. [&hellip;]<\/p>\n","protected":false},"author":2,"featured_media":0,"parent":1179,"menu_order":0,"comment_status":"closed","ping_status":"closed","template":"","meta":{"ocean_post_layout":"","ocean_both_sidebars_style":"","ocean_both_sidebars_content_width":0,"ocean_both_sidebars_sidebars_width":0,"ocean_sidebar":"","ocean_second_sidebar":"","ocean_disable_margins":"enable","ocean_add_body_class":"","ocean_shortcode_before_top_bar":"","ocean_shortcode_after_top_bar":"","ocean_shortcode_before_header":"","ocean_shortcode_after_header":"","ocean_has_shortcode":"","ocean_shortcode_after_title":"","ocean_shortcode_before_footer_widgets":"","ocean_shortcode_after_footer_widgets":"","ocean_shortcode_before_footer_bottom":"","ocean_shortcode_after_footer_bottom":"","ocean_display_top_bar":"default","ocean_display_header":"default","ocean_header_style":"","ocean_center_header_left_menu":"","ocean_custom_header_template":"","ocean_custom_logo":0,"ocean_custom_retina_logo":0,"ocean_custom_logo_max_width":0,"ocean_custom_logo_tablet_max_width":0,"ocean_custom_logo_mobile_max_width":0,"ocean_custom_logo_max_height":0,"ocean_custom_logo_tablet_max_height":0,"ocean_custom_logo_mobile_max_height":0,"ocean_header_custom_menu":"","ocean_menu_typo_font_family":"","ocean_menu_typo_font_subset":"","ocean_menu_typo_font_size":0,"ocean_menu_typo_font_size_tablet":0,"ocean_menu_typo_font_size_mobile":0,"ocean_menu_typo_font_size_unit":"px","ocean_menu_typo_font_weight":"","ocean_menu_typo_font_weight_tablet":"","ocean_menu_typo_font_weight_mobile":"","ocean_menu_typo_transform":"","ocean_menu_typo_transform_tablet":"","ocean_menu_typo_transform_mobile":"","ocean_menu_typo_line_height":0,"ocean_menu_typo_line_height_tablet":0,"ocean_menu_typo_line_height_mobile":0,"ocean_menu_typo_line_height_unit":"","ocean_menu_typo_spacing":0,"ocean_menu_typo_spacing_tablet":0,"ocean_menu_typo_spacing_mobile":0,"ocean_menu_typo_spacing_unit":"","ocean_menu_link_color":"","ocean_menu_link_color_hover":"","ocean_menu_link_color_active":"","ocean_menu_link_background":"","ocean_menu_link_hover_background":"","ocean_menu_link_active_background":"","ocean_menu_social_links_bg":"","ocean_menu_social_hover_links_bg":"","ocean_menu_social_links_color":"","ocean_menu_social_hover_links_color":"","ocean_disable_title":"default","ocean_disable_heading":"default","ocean_post_title":"","ocean_post_subheading":"","ocean_post_title_style":"","ocean_post_title_background_color":"","ocean_post_title_background":0,"ocean_post_title_bg_image_position":"","ocean_post_title_bg_image_attachment":"","ocean_post_title_bg_image_repeat":"","ocean_post_title_bg_image_size":"","ocean_post_title_height":0,"ocean_post_title_bg_overlay":0.5,"ocean_post_title_bg_overlay_color":"","ocean_disable_breadcrumbs":"default","ocean_breadcrumbs_color":"","ocean_breadcrumbs_separator_color":"","ocean_breadcrumbs_links_color":"","ocean_breadcrumbs_links_hover_color":"","ocean_display_footer_widgets":"default","ocean_display_footer_bottom":"default","ocean_custom_footer_template":"","footnotes":""},"class_list":["post-1751","page","type-page","status-publish","hentry","entry"],"_links":{"self":[{"href":"https:\/\/www.lasapiniere.net\/index.php?rest_route=\/wp\/v2\/pages\/1751","targetHints":{"allow":["GET"]}}],"collection":[{"href":"https:\/\/www.lasapiniere.net\/index.php?rest_route=\/wp\/v2\/pages"}],"about":[{"href":"https:\/\/www.lasapiniere.net\/index.php?rest_route=\/wp\/v2\/types\/page"}],"author":[{"embeddable":true,"href":"https:\/\/www.lasapiniere.net\/index.php?rest_route=\/wp\/v2\/users\/2"}],"replies":[{"embeddable":true,"href":"https:\/\/www.lasapiniere.net\/index.php?rest_route=%2Fwp%2Fv2%2Fcomments&post=1751"}],"version-history":[{"count":5,"href":"https:\/\/www.lasapiniere.net\/index.php?rest_route=\/wp\/v2\/pages\/1751\/revisions"}],"predecessor-version":[{"id":2194,"href":"https:\/\/www.lasapiniere.net\/index.php?rest_route=\/wp\/v2\/pages\/1751\/revisions\/2194"}],"up":[{"embeddable":true,"href":"https:\/\/www.lasapiniere.net\/index.php?rest_route=\/wp\/v2\/pages\/1179"}],"wp:attachment":[{"href":"https:\/\/www.lasapiniere.net\/index.php?rest_route=%2Fwp%2Fv2%2Fmedia&parent=1751"}],"curies":[{"name":"wp","href":"https:\/\/api.w.org\/{rel}","templated":true}]}}