{"id":1745,"date":"2023-12-04T15:28:21","date_gmt":"2023-12-04T15:28:21","guid":{"rendered":"https:\/\/34.141.245.37\/?page_id=1745"},"modified":"2025-10-29T12:35:10","modified_gmt":"2025-10-29T11:35:10","slug":"projet-pedagogique-2","status":"publish","type":"page","link":"https:\/\/www.lasapiniere.net\/?page_id=1745","title":{"rendered":"Projet p\u00e9dagogique"},"content":{"rendered":"\t\t<div data-elementor-type=\"wp-page\" data-elementor-id=\"1745\" class=\"elementor elementor-1745\">\n\t\t\t\t<div class=\"elementor-element elementor-element-99ab266 e-flex e-con-boxed e-con e-parent\" data-id=\"99ab266\" data-element_type=\"container\" data-e-type=\"container\">\n\t\t\t\t\t<div class=\"e-con-inner\">\n\t\t<div class=\"elementor-element elementor-element-2d0dcb8 e-con-full e-flex e-con e-child\" data-id=\"2d0dcb8\" data-element_type=\"container\" data-e-type=\"container\">\n\t\t\t\t<div class=\"elementor-element elementor-element-48bebe4d elementor-widget elementor-widget-text-editor\" data-id=\"48bebe4d\" data-element_type=\"widget\" data-e-type=\"widget\" data-widget_type=\"text-editor.default\">\n\t\t\t\t<div class=\"elementor-widget-container\">\n\t\t\t\t\t\t\t\t\t\n<p>L\u2019\u00e9quipe pluridisciplinaire compos\u00e9e de l\u2019\u00e9quipe \u00e9ducative, du staff infirmier, du m\u00e9decin psychiatre, du m\u00e9decin g\u00e9n\u00e9raliste, du psychologue, du p\u00e9dicure, du chef \u00e9ducateur et du directeur viennent ainsi amener leurs comp\u00e9tences au service des b\u00e9n\u00e9ficiaires avec pour objectifs communs l\u2019\u00e9panouissement et l\u2019apprentissage et\/ou le maintien des acquis de chacun.<\/p>\n\n\n\n<p>Dans cette perspective, la Sapini\u00e8re de Chapelle-lez-Herlaimont privil\u00e9gie une strat\u00e9gie dans laquelle l\u2019\u00e9quipe \u00e9ducative inclut individuellement chaque personne \u00e0 prendre part \u00e0 la conception de son projet. Celle-ci contribue de la sorte \u00e0 permettre un v\u00e9ritable accompagnement individualis\u00e9.<\/p>\n\n\n\n<p>D\u2019autre part, la p\u00e9dagogie diff\u00e9renci\u00e9e que propose l\u2019\u00e9quipe \u00e9ducative tend \u00e0 vouloir permettre \u00e0 chacun d\u2019\u00e9voluer \u00e0 son rythme, en fonction de ses objectifs et en tenant compte de ses comp\u00e9tences intellectuelles et physiques. Dans cette d\u00e9marche, la notion de choix \u00e9tant tr\u00e8s pr\u00e9sente, cela implique un r\u00e9el investissement de chacune des parties concern\u00e9es.<\/p>\n\n\n\n<p>Le travail de l\u2019estime de soi repr\u00e9sente un challenge que l\u2019\u00e9quipe \u00e9ducative rel\u00e8ve dans le but de valoriser la personne elle-m\u00eame en tant qu\u2019individu \u00e0 part enti\u00e8re.<\/p>\n\n\n\n<p>L\u2019h\u00e9t\u00e9rog\u00e9n\u00e9it\u00e9 de la population accueillie au sein du foyer enrichit pleinement la vie en communaut\u00e9. Cependant, les degr\u00e9s divers de comp\u00e9tence tendent \u00e0 devoir individualiser l\u2019accompagnement des personnes, en fonction de leurs aptitudes \u00e0 accomplir les actes du quotidien.<\/p>\n\n\n\n<p>La personne est consid\u00e9r\u00e9e comme individu \u00e0 part enti\u00e8re, dans un cadre dans lequel elle dispose de ressources qui lui permettent de faire valoir ses droits et le respect de ceux-ci. Susciter la notion du libre choix am\u00e8ne la personne \u00e0 une r\u00e9flexion, c\u2019est ce que pr\u00f4ne notre \u00e9tablissement en lui proposant un panel de possibilit\u00e9s afin de promouvoir une bonne qualit\u00e9 de vie.<\/p>\n\n\n\n<p>Des entretiens r\u00e9guliers dans lesquels sont pr\u00e9sents un membre de la Direction, un repr\u00e9sentant de l\u2019\u00e9quipe \u00e9ducative et le psychologue du foyer ont pour but de permettre aux b\u00e9n\u00e9ficiaires de pouvoir s\u2019exprimer sur les sujets qui leur tiennent \u00e0 c\u0153ur.&nbsp;<\/p>\n\n\n\n<p>\u00catre un lieu de vie soucieux d\u2019offrir aux r\u00e9sidents la possibilit\u00e9 d\u2019acc\u00e9der \u00e0 une vie autonome et ind\u00e9pendante moyennant un encadrement professionnel adapt\u00e9.<\/p>\n\n\n\n<p>Nous veillons \u00e0 maintenir le r\u00e9seau familial de chacun des b\u00e9n\u00e9ficiaires, et ce, afin de contribuer \u00e0 l\u2019\u00e9quilibre et au bien-\u00eatre de la personne. Pour ce faire, des retours en famille sont r\u00e9guli\u00e8rement organis\u00e9s et pris en charge par l\u2019ensemble des foyers de la Sapini\u00e8re, suivant un calendrier pr\u00e9vu par l\u2019\u00e9tablissement.<\/p>\n\n\n\n<p>Toute personne accueillie a le droit \u00e0 la consid\u00e9ration dans le respect de sa dignit\u00e9, de son intimit\u00e9, de son int\u00e9grit\u00e9 physique et mentale, de sa s\u00e9curit\u00e9 et de son droit de circuler librement, et ce, quelles que soient ses convictions religieuses, politiques, son orientation sexuelle, son apparence physique ou encore son origine ethnique.<\/p>\n\t\t\t\t\t\t\t\t<\/div>\n\t\t\t\t<\/div>\n\t\t\t\t<\/div>\n\t\t<div class=\"elementor-element elementor-element-1694714 e-con-full e-flex e-con e-child\" data-id=\"1694714\" data-element_type=\"container\" data-e-type=\"container\">\n\t\t\t\t<div class=\"elementor-element elementor-element-c520284 elementor-widget elementor-widget-image\" data-id=\"c520284\" data-element_type=\"widget\" data-e-type=\"widget\" data-widget_type=\"image.default\">\n\t\t\t\t<div class=\"elementor-widget-container\">\n\t\t\t\t\t\t\t\t\t\t\t\t\t\t\t<img fetchpriority=\"high\" decoding=\"async\" width=\"1200\" height=\"700\" src=\"https:\/\/www.lasapiniere.net\/wp-content\/uploads\/2025\/10\/Sapiniere-396-1200x700-1.jpg\" class=\"attachment-2048x2048 size-2048x2048 wp-image-2625\" alt=\"\" srcset=\"https:\/\/www.lasapiniere.net\/wp-content\/uploads\/2025\/10\/Sapiniere-396-1200x700-1.jpg 1200w, https:\/\/www.lasapiniere.net\/wp-content\/uploads\/2025\/10\/Sapiniere-396-1200x700-1-300x175.jpg 300w, https:\/\/www.lasapiniere.net\/wp-content\/uploads\/2025\/10\/Sapiniere-396-1200x700-1-1024x597.jpg 1024w, https:\/\/www.lasapiniere.net\/wp-content\/uploads\/2025\/10\/Sapiniere-396-1200x700-1-768x448.jpg 768w\" sizes=\"(max-width: 1200px) 100vw, 1200px\" \/>\t\t\t\t\t\t\t\t\t\t\t\t\t\t\t<\/div>\n\t\t\t\t<\/div>\n\t\t\t\t<\/div>\n\t\t\t\t\t<\/div>\n\t\t\t\t<\/div>\n\t\t\t\t<\/div>\n\t\t","protected":false},"excerpt":{"rendered":"<p>L\u2019\u00e9quipe pluridisciplinaire compos\u00e9e de l\u2019\u00e9quipe \u00e9ducative, du staff infirmier, du m\u00e9decin psychiatre, du m\u00e9decin g\u00e9n\u00e9raliste, du psychologue, du p\u00e9dicure, du chef \u00e9ducateur et du directeur viennent ainsi amener leurs comp\u00e9tences au service des b\u00e9n\u00e9ficiaires avec pour objectifs communs l\u2019\u00e9panouissement et l\u2019apprentissage et\/ou le maintien des acquis de chacun. Dans cette perspective, la Sapini\u00e8re de Chapelle-lez-Herlaimont [&hellip;]<\/p>\n","protected":false},"author":2,"featured_media":0,"parent":1185,"menu_order":0,"comment_status":"closed","ping_status":"closed","template":"","meta":{"ocean_post_layout":"","ocean_both_sidebars_style":"","ocean_both_sidebars_content_width":0,"ocean_both_sidebars_sidebars_width":0,"ocean_sidebar":"","ocean_second_sidebar":"","ocean_disable_margins":"enable","ocean_add_body_class":"","ocean_shortcode_before_top_bar":"","ocean_shortcode_after_top_bar":"","ocean_shortcode_before_header":"","ocean_shortcode_after_header":"","ocean_has_shortcode":"","ocean_shortcode_after_title":"","ocean_shortcode_before_footer_widgets":"","ocean_shortcode_after_footer_widgets":"","ocean_shortcode_before_footer_bottom":"","ocean_shortcode_after_footer_bottom":"","ocean_display_top_bar":"default","ocean_display_header":"default","ocean_header_style":"","ocean_center_header_left_menu":"","ocean_custom_header_template":"","ocean_custom_logo":0,"ocean_custom_retina_logo":0,"ocean_custom_logo_max_width":0,"ocean_custom_logo_tablet_max_width":0,"ocean_custom_logo_mobile_max_width":0,"ocean_custom_logo_max_height":0,"ocean_custom_logo_tablet_max_height":0,"ocean_custom_logo_mobile_max_height":0,"ocean_header_custom_menu":"","ocean_menu_typo_font_family":"","ocean_menu_typo_font_subset":"","ocean_menu_typo_font_size":0,"ocean_menu_typo_font_size_tablet":0,"ocean_menu_typo_font_size_mobile":0,"ocean_menu_typo_font_size_unit":"px","ocean_menu_typo_font_weight":"","ocean_menu_typo_font_weight_tablet":"","ocean_menu_typo_font_weight_mobile":"","ocean_menu_typo_transform":"","ocean_menu_typo_transform_tablet":"","ocean_menu_typo_transform_mobile":"","ocean_menu_typo_line_height":0,"ocean_menu_typo_line_height_tablet":0,"ocean_menu_typo_line_height_mobile":0,"ocean_menu_typo_line_height_unit":"","ocean_menu_typo_spacing":0,"ocean_menu_typo_spacing_tablet":0,"ocean_menu_typo_spacing_mobile":0,"ocean_menu_typo_spacing_unit":"","ocean_menu_link_color":"","ocean_menu_link_color_hover":"","ocean_menu_link_color_active":"","ocean_menu_link_background":"","ocean_menu_link_hover_background":"","ocean_menu_link_active_background":"","ocean_menu_social_links_bg":"","ocean_menu_social_hover_links_bg":"","ocean_menu_social_links_color":"","ocean_menu_social_hover_links_color":"","ocean_disable_title":"default","ocean_disable_heading":"default","ocean_post_title":"","ocean_post_subheading":"","ocean_post_title_style":"","ocean_post_title_background_color":"","ocean_post_title_background":0,"ocean_post_title_bg_image_position":"","ocean_post_title_bg_image_attachment":"","ocean_post_title_bg_image_repeat":"","ocean_post_title_bg_image_size":"","ocean_post_title_height":0,"ocean_post_title_bg_overlay":0.5,"ocean_post_title_bg_overlay_color":"","ocean_disable_breadcrumbs":"default","ocean_breadcrumbs_color":"","ocean_breadcrumbs_separator_color":"","ocean_breadcrumbs_links_color":"","ocean_breadcrumbs_links_hover_color":"","ocean_display_footer_widgets":"default","ocean_display_footer_bottom":"default","ocean_custom_footer_template":"","footnotes":""},"class_list":["post-1745","page","type-page","status-publish","hentry","entry"],"_links":{"self":[{"href":"https:\/\/www.lasapiniere.net\/index.php?rest_route=\/wp\/v2\/pages\/1745","targetHints":{"allow":["GET"]}}],"collection":[{"href":"https:\/\/www.lasapiniere.net\/index.php?rest_route=\/wp\/v2\/pages"}],"about":[{"href":"https:\/\/www.lasapiniere.net\/index.php?rest_route=\/wp\/v2\/types\/page"}],"author":[{"embeddable":true,"href":"https:\/\/www.lasapiniere.net\/index.php?rest_route=\/wp\/v2\/users\/2"}],"replies":[{"embeddable":true,"href":"https:\/\/www.lasapiniere.net\/index.php?rest_route=%2Fwp%2Fv2%2Fcomments&post=1745"}],"version-history":[{"count":17,"href":"https:\/\/www.lasapiniere.net\/index.php?rest_route=\/wp\/v2\/pages\/1745\/revisions"}],"predecessor-version":[{"id":2637,"href":"https:\/\/www.lasapiniere.net\/index.php?rest_route=\/wp\/v2\/pages\/1745\/revisions\/2637"}],"up":[{"embeddable":true,"href":"https:\/\/www.lasapiniere.net\/index.php?rest_route=\/wp\/v2\/pages\/1185"}],"wp:attachment":[{"href":"https:\/\/www.lasapiniere.net\/index.php?rest_route=%2Fwp%2Fv2%2Fmedia&parent=1745"}],"curies":[{"name":"wp","href":"https:\/\/api.w.org\/{rel}","templated":true}]}}