{"id":1742,"date":"2023-12-04T15:28:07","date_gmt":"2023-12-04T15:28:07","guid":{"rendered":"https:\/\/34.141.245.37\/?page_id=1742"},"modified":"2025-10-29T13:53:07","modified_gmt":"2025-10-29T12:53:07","slug":"projet-pedagogique","status":"publish","type":"page","link":"https:\/\/www.lasapiniere.net\/?page_id=1742","title":{"rendered":"Projet p\u00e9dagogique"},"content":{"rendered":"\t\t<div data-elementor-type=\"wp-page\" data-elementor-id=\"1742\" class=\"elementor elementor-1742\">\n\t\t\t\t<div class=\"elementor-element elementor-element-5012690 e-flex e-con-boxed e-con e-parent\" data-id=\"5012690\" data-element_type=\"container\" data-e-type=\"container\">\n\t\t\t\t\t<div class=\"e-con-inner\">\n\t\t<div class=\"elementor-element elementor-element-0d8ddea e-con-full e-flex e-con e-child\" data-id=\"0d8ddea\" data-element_type=\"container\" data-e-type=\"container\">\n\t\t\t\t<div class=\"elementor-element elementor-element-6dd9ee26 elementor-widget elementor-widget-text-editor\" data-id=\"6dd9ee26\" data-element_type=\"widget\" data-e-type=\"widget\" data-widget_type=\"text-editor.default\">\n\t\t\t\t<div class=\"elementor-widget-container\">\n\t\t\t\t\t\t\t\t\t\n<p>Le projet p\u00e9dagogique a pour socle les principes \u00e9thiques et d\u00e9ontologiques de l\u2019accompagnement de la personne en situation de handicap, d\u00e9finis dans la Loi du 02 janvier 2022 r\u00e9novant l\u2019action sociale et m\u00e9dico-sociale, la Loi du 11 f\u00e9vrier 2005 pour l\u2019\u00e9galit\u00e9 des droits et des chances, la participation et la citoyennet\u00e9 des personnes handicap\u00e9es et l\u2019article L311-4 du Code fran\u00e7ais de l\u2019action sociale et des familles. Le service respecte la vie priv\u00e9e, le droit \u00e0 l\u2019autod\u00e9termination, l\u2019intimit\u00e9 et les convictions id\u00e9ologiques, philosophiques et religieuses de chacun.<\/p>\n\n\n\n<p>Le service s\u2019attache \u00e0 respecter la notion de choix du r\u00e9sident et le laisser faire autant que possible. C\u2019est dans ce sens que l\u2019organisation institutionnelle et les activit\u00e9s donn\u00e9es \u00e0 l\u2019int\u00e9rieur et \u00e0 l\u2019ext\u00e9rieur du foyer ont \u00e9t\u00e9 pens\u00e9es et mises en place.&nbsp;<\/p>\n\n\n\n<p>Les valeurs pr\u00f4n\u00e9es et v\u00e9hicul\u00e9es par notre foyer sont ax\u00e9es sur la personne elle-m\u00eame. Autour de cette derni\u00e8re, nous retrouvons les principes g\u00e9n\u00e9raux que sont&nbsp;:<\/p>\n\n\n\n<p>1. Le respect\u00a0: La vie en collectivit\u00e9 peut parfois \u00eatre source de tensions internes entre pairs. C\u2019est pourquoi cette notion de respect est travaill\u00e9e, encourag\u00e9e et stimul\u00e9e pour que cette vie en communaut\u00e9 puisse \u00e9voluer dans la bienveillance de chacun (respect du lieu de vie, espace personnel, temps de repos, etc.).<\/p>\n\n\n\n<ol class=\"wp-block-list\"><\/ol>\n\n\n\n<p>2. La notion de choix\u00a0: Le b\u00e9n\u00e9ficiaire accueilli est au centre de ses d\u00e9cisions et de ses choix. C\u2019est avec cette vision de responsabilisation des choix personnels que nos r\u00e9sidents sont sollicit\u00e9s pour le choix de leurs activit\u00e9s, leur compagnon de chambre, le choix de leur voisin de table, leur r\u00e9f\u00e9rent, l\u2019utilisation de leur argent personnel, l\u2019am\u00e9nagement de leur chambre, le Projet Personnalis\u00e9 d\u2019Accompagnement, etc.). La mise en place du conseil des usagers (organis\u00e9 de mani\u00e8re trimestrielle) permet \u00e0 nos b\u00e9n\u00e9ficiaires de s\u2019impliquer et de leur donner une voix dans l\u2019organisation institutionnelle.<\/p>\n\n\n\n<p>3. Le droit \u00e0 l\u2019intimit\u00e9\u00a0: L\u2019intimit\u00e9 est envisag\u00e9e sous plusieurs aspects (l\u2019intimit\u00e9 lors des toilettes du r\u00e9sident dans sa chambre, la vie affective, relationnelle et sexuelle). En fonction de ceux-ci, l\u2019\u00e9quipe va mettre en \u0153uvre des pistes pour garantir la bonne application de cette valeur institutionnelle.<\/p>\n\n\n\n<p>4. La bientraitance\u00a0: La bientraitance repr\u00e9sente en effet les actes que nous pouvons r\u00e9aliser ou prodiguer \u00e0 une personne dans son accompagnement quotidien. Pour ce faire, nous sommes \u00e0 l\u2019\u00e9coute des besoins et difficult\u00e9s du r\u00e9sident afin d\u2019adapter au mieux notre prise en charge et de lui apporter l\u2019aide qui lui est la mieux adapt\u00e9e.<\/p>\n\n\n\n<p>5. L\u2019inclusion\u00a0: L\u2019inclusion de nos b\u00e9n\u00e9ficiaires dans un environnement compos\u00e9 de personnes adultes ne pr\u00e9sentant pas de handicap fait partie de nos objectifs. Notre vision tend \u00e0 d\u00e9mystifier l\u2019image de la personne porteuse de handicap et \u00e0 ouvrir notre foyer sur l\u2019ext\u00e9rieur. Pour nous aider \u00e0 r\u00e9aliser nos objectifs, des partenariats avec des associations ext\u00e9rieures ont \u00e9t\u00e9 mis en place afin d\u2019augmenter les \u00e9changes de nos r\u00e9sidents avec le monde ext\u00e9rieur.<\/p>\n\t\t\t\t\t\t\t\t<\/div>\n\t\t\t\t<\/div>\n\t\t\t\t<\/div>\n\t\t<div class=\"elementor-element elementor-element-0a07372 e-con-full e-flex e-con e-child\" data-id=\"0a07372\" data-element_type=\"container\" data-e-type=\"container\">\n\t\t\t\t<div class=\"elementor-element elementor-element-de403cf elementor-widget elementor-widget-image\" data-id=\"de403cf\" data-element_type=\"widget\" data-e-type=\"widget\" data-widget_type=\"image.default\">\n\t\t\t\t<div class=\"elementor-widget-container\">\n\t\t\t\t\t\t\t\t\t\t\t\t\t\t\t<img fetchpriority=\"high\" decoding=\"async\" width=\"1024\" height=\"498\" src=\"https:\/\/www.lasapiniere.net\/wp-content\/uploads\/2025\/10\/FacadeMasnuy-1024x498.jpg\" class=\"attachment-large size-large wp-image-2641\" alt=\"\" srcset=\"https:\/\/www.lasapiniere.net\/wp-content\/uploads\/2025\/10\/FacadeMasnuy-1024x498.jpg 1024w, https:\/\/www.lasapiniere.net\/wp-content\/uploads\/2025\/10\/FacadeMasnuy-300x146.jpg 300w, https:\/\/www.lasapiniere.net\/wp-content\/uploads\/2025\/10\/FacadeMasnuy-768x373.jpg 768w, https:\/\/www.lasapiniere.net\/wp-content\/uploads\/2025\/10\/FacadeMasnuy-1536x746.jpg 1536w, https:\/\/www.lasapiniere.net\/wp-content\/uploads\/2025\/10\/FacadeMasnuy.jpg 2048w\" sizes=\"(max-width: 1024px) 100vw, 1024px\" \/>\t\t\t\t\t\t\t\t\t\t\t\t\t\t\t<\/div>\n\t\t\t\t<\/div>\n\t\t\t\t<\/div>\n\t\t\t\t\t<\/div>\n\t\t\t\t<\/div>\n\t\t\t\t<\/div>\n\t\t","protected":false},"excerpt":{"rendered":"<p>Le projet p\u00e9dagogique a pour socle les principes \u00e9thiques et d\u00e9ontologiques de l\u2019accompagnement de la personne en situation de handicap, d\u00e9finis dans la Loi du 02 janvier 2022 r\u00e9novant l\u2019action sociale et m\u00e9dico-sociale, la Loi du 11 f\u00e9vrier 2005 pour l\u2019\u00e9galit\u00e9 des droits et des chances, la participation et la citoyennet\u00e9 des personnes handicap\u00e9es et [&hellip;]<\/p>\n","protected":false},"author":2,"featured_media":0,"parent":510,"menu_order":0,"comment_status":"closed","ping_status":"closed","template":"","meta":{"ocean_post_layout":"","ocean_both_sidebars_style":"","ocean_both_sidebars_content_width":0,"ocean_both_sidebars_sidebars_width":0,"ocean_sidebar":"","ocean_second_sidebar":"","ocean_disable_margins":"enable","ocean_add_body_class":"","ocean_shortcode_before_top_bar":"","ocean_shortcode_after_top_bar":"","ocean_shortcode_before_header":"","ocean_shortcode_after_header":"","ocean_has_shortcode":"","ocean_shortcode_after_title":"","ocean_shortcode_before_footer_widgets":"","ocean_shortcode_after_footer_widgets":"","ocean_shortcode_before_footer_bottom":"","ocean_shortcode_after_footer_bottom":"","ocean_display_top_bar":"default","ocean_display_header":"default","ocean_header_style":"","ocean_center_header_left_menu":"","ocean_custom_header_template":"","ocean_custom_logo":0,"ocean_custom_retina_logo":0,"ocean_custom_logo_max_width":0,"ocean_custom_logo_tablet_max_width":0,"ocean_custom_logo_mobile_max_width":0,"ocean_custom_logo_max_height":0,"ocean_custom_logo_tablet_max_height":0,"ocean_custom_logo_mobile_max_height":0,"ocean_header_custom_menu":"","ocean_menu_typo_font_family":"","ocean_menu_typo_font_subset":"","ocean_menu_typo_font_size":0,"ocean_menu_typo_font_size_tablet":0,"ocean_menu_typo_font_size_mobile":0,"ocean_menu_typo_font_size_unit":"px","ocean_menu_typo_font_weight":"","ocean_menu_typo_font_weight_tablet":"","ocean_menu_typo_font_weight_mobile":"","ocean_menu_typo_transform":"","ocean_menu_typo_transform_tablet":"","ocean_menu_typo_transform_mobile":"","ocean_menu_typo_line_height":0,"ocean_menu_typo_line_height_tablet":0,"ocean_menu_typo_line_height_mobile":0,"ocean_menu_typo_line_height_unit":"","ocean_menu_typo_spacing":0,"ocean_menu_typo_spacing_tablet":0,"ocean_menu_typo_spacing_mobile":0,"ocean_menu_typo_spacing_unit":"","ocean_menu_link_color":"","ocean_menu_link_color_hover":"","ocean_menu_link_color_active":"","ocean_menu_link_background":"","ocean_menu_link_hover_background":"","ocean_menu_link_active_background":"","ocean_menu_social_links_bg":"","ocean_menu_social_hover_links_bg":"","ocean_menu_social_links_color":"","ocean_menu_social_hover_links_color":"","ocean_disable_title":"default","ocean_disable_heading":"default","ocean_post_title":"","ocean_post_subheading":"","ocean_post_title_style":"","ocean_post_title_background_color":"","ocean_post_title_background":0,"ocean_post_title_bg_image_position":"","ocean_post_title_bg_image_attachment":"","ocean_post_title_bg_image_repeat":"","ocean_post_title_bg_image_size":"","ocean_post_title_height":0,"ocean_post_title_bg_overlay":0.5,"ocean_post_title_bg_overlay_color":"","ocean_disable_breadcrumbs":"default","ocean_breadcrumbs_color":"","ocean_breadcrumbs_separator_color":"","ocean_breadcrumbs_links_color":"","ocean_breadcrumbs_links_hover_color":"","ocean_display_footer_widgets":"default","ocean_display_footer_bottom":"default","ocean_custom_footer_template":"","footnotes":""},"class_list":["post-1742","page","type-page","status-publish","hentry","entry"],"_links":{"self":[{"href":"https:\/\/www.lasapiniere.net\/index.php?rest_route=\/wp\/v2\/pages\/1742","targetHints":{"allow":["GET"]}}],"collection":[{"href":"https:\/\/www.lasapiniere.net\/index.php?rest_route=\/wp\/v2\/pages"}],"about":[{"href":"https:\/\/www.lasapiniere.net\/index.php?rest_route=\/wp\/v2\/types\/page"}],"author":[{"embeddable":true,"href":"https:\/\/www.lasapiniere.net\/index.php?rest_route=\/wp\/v2\/users\/2"}],"replies":[{"embeddable":true,"href":"https:\/\/www.lasapiniere.net\/index.php?rest_route=%2Fwp%2Fv2%2Fcomments&post=1742"}],"version-history":[{"count":12,"href":"https:\/\/www.lasapiniere.net\/index.php?rest_route=\/wp\/v2\/pages\/1742\/revisions"}],"predecessor-version":[{"id":2653,"href":"https:\/\/www.lasapiniere.net\/index.php?rest_route=\/wp\/v2\/pages\/1742\/revisions\/2653"}],"up":[{"embeddable":true,"href":"https:\/\/www.lasapiniere.net\/index.php?rest_route=\/wp\/v2\/pages\/510"}],"wp:attachment":[{"href":"https:\/\/www.lasapiniere.net\/index.php?rest_route=%2Fwp%2Fv2%2Fmedia&parent=1742"}],"curies":[{"name":"wp","href":"https:\/\/api.w.org\/{rel}","templated":true}]}}