{"id":1721,"date":"2023-12-04T15:10:49","date_gmt":"2023-12-04T15:10:49","guid":{"rendered":"https:\/\/34.141.245.37\/?page_id=1721"},"modified":"2025-10-29T13:52:31","modified_gmt":"2025-10-29T12:52:31","slug":"philosophie-3","status":"publish","type":"page","link":"https:\/\/www.lasapiniere.net\/?page_id=1721","title":{"rendered":"Philosophie"},"content":{"rendered":"\t\t<div data-elementor-type=\"wp-page\" data-elementor-id=\"1721\" class=\"elementor elementor-1721\">\n\t\t\t\t<div class=\"elementor-element elementor-element-e637bbf e-flex e-con-boxed e-con e-parent\" data-id=\"e637bbf\" data-element_type=\"container\" data-e-type=\"container\">\n\t\t\t\t\t<div class=\"e-con-inner\">\n\t\t<div class=\"elementor-element elementor-element-9b46c03 e-con-full e-flex e-con e-child\" data-id=\"9b46c03\" data-element_type=\"container\" data-e-type=\"container\">\n\t\t\t\t<div class=\"elementor-element elementor-element-739f3b1e elementor-widget elementor-widget-text-editor\" data-id=\"739f3b1e\" data-element_type=\"widget\" data-e-type=\"widget\" data-widget_type=\"text-editor.default\">\n\t\t\t\t<div class=\"elementor-widget-container\">\n\t\t\t\t\t\t\t\t\t\n<p>La Sapini\u00e8re de Masnuy-Saint-Jean est un foyer d\u2019h\u00e9bergement qui accueille des personnes en situation de handicap. Afin de s\u2019assurer du bien-\u00eatre du r\u00e9sident, l\u2019\u00e9quipe pluridisciplinaire veille \u00e0 mettre en place et conserver un environnement familial et bienveillant.<\/p>\n\n\n\n<p>La Sapini\u00e8re veille \u00e0 recr\u00e9er un espace s\u00e9curisant pour chaque b\u00e9n\u00e9ficiaire. Dans un but de coh\u00e9sion avec les besoins de chacun, le service est organis\u00e9 sous trois ailes bien distinctes&nbsp;:<\/p>\n\n\n\n<ul class=\"wp-block-list\">\n<li>Une aile autonome (o\u00f9 la prise en charge \u00e9ducative permet le travail de l\u2019autonomie avec les b\u00e9n\u00e9ficiaires pr\u00e9sents dans cette partie du foyer)<\/li>\n\n\n\n<li>Une aile destin\u00e9e aux dames (dans un souci d\u2019intimit\u00e9, cela permet de cr\u00e9er un espace s\u00e9curitaire o\u00f9 nos r\u00e9sidentes peuvent se sentir \u00e0 l\u2019aise dans leur espace priv\u00e9 individuel).<\/li>\n\n\n\n<li>Une aile moins autonome (o\u00f9 la prise en charge se veut plus m\u00e9dicale, des soins sp\u00e9cifiques sont prodigu\u00e9s, la surveillance plus soutenue).<\/li>\n<\/ul>\n\n\n\n<p>Les activit\u00e9s organis\u00e9es par les \u00e9ducateurs sont cr\u00e9\u00e9es en fonction des besoins de nos b\u00e9n\u00e9ficiaires (snoezelen, promenades, activit\u00e9s sportives, chants, arts plastiques, etc.).<\/p>\n\t\t\t\t\t\t\t\t<\/div>\n\t\t\t\t<\/div>\n\t\t\t\t<\/div>\n\t\t<div class=\"elementor-element elementor-element-395ada8 e-con-full e-flex e-con e-child\" data-id=\"395ada8\" data-element_type=\"container\" data-e-type=\"container\">\n\t\t\t\t<div class=\"elementor-element elementor-element-0474d75 elementor-widget elementor-widget-image\" data-id=\"0474d75\" data-element_type=\"widget\" data-e-type=\"widget\" data-widget_type=\"image.default\">\n\t\t\t\t<div class=\"elementor-widget-container\">\n\t\t\t\t\t\t\t\t\t\t\t\t\t\t\t<img fetchpriority=\"high\" decoding=\"async\" width=\"1024\" height=\"498\" src=\"https:\/\/www.lasapiniere.net\/wp-content\/uploads\/2025\/10\/FacadeMasnuy-1024x498.jpg\" class=\"attachment-large size-large wp-image-2641\" alt=\"\" srcset=\"https:\/\/www.lasapiniere.net\/wp-content\/uploads\/2025\/10\/FacadeMasnuy-1024x498.jpg 1024w, https:\/\/www.lasapiniere.net\/wp-content\/uploads\/2025\/10\/FacadeMasnuy-300x146.jpg 300w, https:\/\/www.lasapiniere.net\/wp-content\/uploads\/2025\/10\/FacadeMasnuy-768x373.jpg 768w, https:\/\/www.lasapiniere.net\/wp-content\/uploads\/2025\/10\/FacadeMasnuy-1536x746.jpg 1536w, https:\/\/www.lasapiniere.net\/wp-content\/uploads\/2025\/10\/FacadeMasnuy.jpg 2048w\" sizes=\"(max-width: 1024px) 100vw, 1024px\" \/>\t\t\t\t\t\t\t\t\t\t\t\t\t\t\t<\/div>\n\t\t\t\t<\/div>\n\t\t\t\t<\/div>\n\t\t\t\t\t<\/div>\n\t\t\t\t<\/div>\n\t\t\t\t<\/div>\n\t\t","protected":false},"excerpt":{"rendered":"<p>La Sapini\u00e8re de Masnuy-Saint-Jean est un foyer d\u2019h\u00e9bergement qui accueille des personnes en situation de handicap. Afin de s\u2019assurer du bien-\u00eatre du r\u00e9sident, l\u2019\u00e9quipe pluridisciplinaire veille \u00e0 mettre en place et conserver un environnement familial et bienveillant. La Sapini\u00e8re veille \u00e0 recr\u00e9er un espace s\u00e9curisant pour chaque b\u00e9n\u00e9ficiaire. Dans un but de coh\u00e9sion avec les [&hellip;]<\/p>\n","protected":false},"author":2,"featured_media":0,"parent":510,"menu_order":0,"comment_status":"closed","ping_status":"closed","template":"","meta":{"ocean_post_layout":"","ocean_both_sidebars_style":"","ocean_both_sidebars_content_width":0,"ocean_both_sidebars_sidebars_width":0,"ocean_sidebar":"","ocean_second_sidebar":"","ocean_disable_margins":"enable","ocean_add_body_class":"","ocean_shortcode_before_top_bar":"","ocean_shortcode_after_top_bar":"","ocean_shortcode_before_header":"","ocean_shortcode_after_header":"","ocean_has_shortcode":"","ocean_shortcode_after_title":"","ocean_shortcode_before_footer_widgets":"","ocean_shortcode_after_footer_widgets":"","ocean_shortcode_before_footer_bottom":"","ocean_shortcode_after_footer_bottom":"","ocean_display_top_bar":"default","ocean_display_header":"default","ocean_header_style":"","ocean_center_header_left_menu":"","ocean_custom_header_template":"","ocean_custom_logo":0,"ocean_custom_retina_logo":0,"ocean_custom_logo_max_width":0,"ocean_custom_logo_tablet_max_width":0,"ocean_custom_logo_mobile_max_width":0,"ocean_custom_logo_max_height":0,"ocean_custom_logo_tablet_max_height":0,"ocean_custom_logo_mobile_max_height":0,"ocean_header_custom_menu":"","ocean_menu_typo_font_family":"","ocean_menu_typo_font_subset":"","ocean_menu_typo_font_size":0,"ocean_menu_typo_font_size_tablet":0,"ocean_menu_typo_font_size_mobile":0,"ocean_menu_typo_font_size_unit":"px","ocean_menu_typo_font_weight":"","ocean_menu_typo_font_weight_tablet":"","ocean_menu_typo_font_weight_mobile":"","ocean_menu_typo_transform":"","ocean_menu_typo_transform_tablet":"","ocean_menu_typo_transform_mobile":"","ocean_menu_typo_line_height":0,"ocean_menu_typo_line_height_tablet":0,"ocean_menu_typo_line_height_mobile":0,"ocean_menu_typo_line_height_unit":"","ocean_menu_typo_spacing":0,"ocean_menu_typo_spacing_tablet":0,"ocean_menu_typo_spacing_mobile":0,"ocean_menu_typo_spacing_unit":"","ocean_menu_link_color":"","ocean_menu_link_color_hover":"","ocean_menu_link_color_active":"","ocean_menu_link_background":"","ocean_menu_link_hover_background":"","ocean_menu_link_active_background":"","ocean_menu_social_links_bg":"","ocean_menu_social_hover_links_bg":"","ocean_menu_social_links_color":"","ocean_menu_social_hover_links_color":"","ocean_disable_title":"default","ocean_disable_heading":"default","ocean_post_title":"","ocean_post_subheading":"","ocean_post_title_style":"","ocean_post_title_background_color":"","ocean_post_title_background":0,"ocean_post_title_bg_image_position":"","ocean_post_title_bg_image_attachment":"","ocean_post_title_bg_image_repeat":"","ocean_post_title_bg_image_size":"","ocean_post_title_height":0,"ocean_post_title_bg_overlay":0.5,"ocean_post_title_bg_overlay_color":"","ocean_disable_breadcrumbs":"default","ocean_breadcrumbs_color":"","ocean_breadcrumbs_separator_color":"","ocean_breadcrumbs_links_color":"","ocean_breadcrumbs_links_hover_color":"","ocean_display_footer_widgets":"default","ocean_display_footer_bottom":"default","ocean_custom_footer_template":"","footnotes":""},"class_list":["post-1721","page","type-page","status-publish","hentry","entry"],"_links":{"self":[{"href":"https:\/\/www.lasapiniere.net\/index.php?rest_route=\/wp\/v2\/pages\/1721","targetHints":{"allow":["GET"]}}],"collection":[{"href":"https:\/\/www.lasapiniere.net\/index.php?rest_route=\/wp\/v2\/pages"}],"about":[{"href":"https:\/\/www.lasapiniere.net\/index.php?rest_route=\/wp\/v2\/types\/page"}],"author":[{"embeddable":true,"href":"https:\/\/www.lasapiniere.net\/index.php?rest_route=\/wp\/v2\/users\/2"}],"replies":[{"embeddable":true,"href":"https:\/\/www.lasapiniere.net\/index.php?rest_route=%2Fwp%2Fv2%2Fcomments&post=1721"}],"version-history":[{"count":8,"href":"https:\/\/www.lasapiniere.net\/index.php?rest_route=\/wp\/v2\/pages\/1721\/revisions"}],"predecessor-version":[{"id":2647,"href":"https:\/\/www.lasapiniere.net\/index.php?rest_route=\/wp\/v2\/pages\/1721\/revisions\/2647"}],"up":[{"embeddable":true,"href":"https:\/\/www.lasapiniere.net\/index.php?rest_route=\/wp\/v2\/pages\/510"}],"wp:attachment":[{"href":"https:\/\/www.lasapiniere.net\/index.php?rest_route=%2Fwp%2Fv2%2Fmedia&parent=1721"}],"curies":[{"name":"wp","href":"https:\/\/api.w.org\/{rel}","templated":true}]}}