{"id":1718,"date":"2023-12-04T15:10:29","date_gmt":"2023-12-04T15:10:29","guid":{"rendered":"https:\/\/34.141.245.37\/?page_id=1718"},"modified":"2025-10-29T12:34:35","modified_gmt":"2025-10-29T11:34:35","slug":"philosophie-2","status":"publish","type":"page","link":"https:\/\/www.lasapiniere.net\/?page_id=1718","title":{"rendered":"Philosophie"},"content":{"rendered":"\t\t<div data-elementor-type=\"wp-page\" data-elementor-id=\"1718\" class=\"elementor elementor-1718\">\n\t\t\t\t<div class=\"elementor-element elementor-element-3dc32ac e-flex e-con-boxed e-con e-parent\" data-id=\"3dc32ac\" data-element_type=\"container\" data-e-type=\"container\">\n\t\t\t\t\t<div class=\"e-con-inner\">\n\t\t<div class=\"elementor-element elementor-element-241a908 e-con-full e-flex e-con e-child\" data-id=\"241a908\" data-element_type=\"container\" data-e-type=\"container\">\n\t\t\t\t<div class=\"elementor-element elementor-element-91254e9 elementor-widget elementor-widget-text-editor\" data-id=\"91254e9\" data-element_type=\"widget\" data-e-type=\"widget\" data-widget_type=\"text-editor.default\">\n\t\t\t\t<div class=\"elementor-widget-container\">\n\t\t\t\t\t\t\t\t\t<p style=\"font-variant-ligatures: normal; font-variant-caps: normal; font-family: Roboto, sans-serif; font-size: 14px; font-style: normal; font-weight: 400;\">L\u2019\u00e9tablissement m\u00e9dico-social R\u00e9sidence La Sapini\u00e8re de Chapelle-lez-Herlaimont\u00a0souhaite r\u00e9pondre \u00e0 des besoins de prise en charge d\u2019adultes pr\u00e9sentant une d\u00e9ficience mentale. Ces personnes pr\u00e9sentent un handicap mental mod\u00e9r\u00e9 \u00e0 s\u00e9v\u00e8re, parfois associ\u00e9 \u00e0 une maladie mentale ou un handicap physique.<br \/>La prise en charge, de type familial, est propos\u00e9e dans un lieu vie adapt\u00e9 r\u00e9pondant aux besoins de chacun.<\/p><p style=\"font-variant-ligatures: normal; font-variant-caps: normal; font-family: Roboto, sans-serif; font-size: 14px; font-style: normal; font-weight: 400;\"><span style=\"font-family: Roboto, sans-serif; font-size: 14px; font-style: normal; font-variant-ligatures: normal; font-variant-caps: normal; font-weight: 400; color: var( --e-global-color-text ); text-align: var(--text-align);\">La philosophie de prise en charge pr\u00e9conis\u00e9e par les 3 unit\u00e9s consiste en un accompagnement qui est ax\u00e9 plus qualitativement sur la personne en tant qu\u2019individu que par cat\u00e9gorie nosologique, ce qui explique la pluralit\u00e9 pathologique des populations accueillies. Cette caract\u00e9ristique repr\u00e9sentant l\u2019ADN des 3 unit\u00e9s, les activit\u00e9s mises en place sont alors abord\u00e9es dans une m\u00e9thodologie privil\u00e9giant une p\u00e9dagogie diff\u00e9renci\u00e9e. Cela permet ainsi de personnaliser les comp\u00e9tences de chacun dans l\u2019objectif d\u2019un accompagnement qui leur est adapt\u00e9.<\/span><\/p><p style=\"font-variant-ligatures: normal; font-variant-caps: normal; font-family: Roboto, sans-serif; font-size: 14px; font-style: normal; font-weight: 400;\"><span style=\"font-family: Roboto, sans-serif; font-size: 14px; font-style: normal; font-variant-ligatures: normal; font-variant-caps: normal; font-weight: 400; color: var( --e-global-color-text ); text-align: var(--text-align);\">La th\u00e9rapie cognitivo-comportementale (TCC) pr\u00e9conis\u00e9e par les 3 unit\u00e9s est une th\u00e9rapie br\u00e8ve qui vise essentiellement \u00e0 remplacer les id\u00e9es n\u00e9gatives et les comportements inadapt\u00e9s par des pens\u00e9es et des r\u00e9actions en ad\u00e9quation avec la r\u00e9alit\u00e9.<\/span><\/p>\t\t\t\t\t\t\t\t<\/div>\n\t\t\t\t<\/div>\n\t\t\t\t<\/div>\n\t\t<div class=\"elementor-element elementor-element-fa463dc e-con-full e-flex e-con e-child\" data-id=\"fa463dc\" data-element_type=\"container\" data-e-type=\"container\">\n\t\t\t\t<div class=\"elementor-element elementor-element-e3d821b elementor-widget elementor-widget-image\" data-id=\"e3d821b\" data-element_type=\"widget\" data-e-type=\"widget\" data-widget_type=\"image.default\">\n\t\t\t\t<div class=\"elementor-widget-container\">\n\t\t\t\t\t\t\t\t\t\t\t\t\t\t\t<img fetchpriority=\"high\" decoding=\"async\" width=\"1024\" height=\"597\" src=\"https:\/\/www.lasapiniere.net\/wp-content\/uploads\/2025\/10\/Sapiniere-396-1200x700-1-1024x597.jpg\" class=\"attachment-large size-large wp-image-2625\" alt=\"\" srcset=\"https:\/\/www.lasapiniere.net\/wp-content\/uploads\/2025\/10\/Sapiniere-396-1200x700-1-1024x597.jpg 1024w, https:\/\/www.lasapiniere.net\/wp-content\/uploads\/2025\/10\/Sapiniere-396-1200x700-1-300x175.jpg 300w, https:\/\/www.lasapiniere.net\/wp-content\/uploads\/2025\/10\/Sapiniere-396-1200x700-1-768x448.jpg 768w, https:\/\/www.lasapiniere.net\/wp-content\/uploads\/2025\/10\/Sapiniere-396-1200x700-1.jpg 1200w\" sizes=\"(max-width: 1024px) 100vw, 1024px\" \/>\t\t\t\t\t\t\t\t\t\t\t\t\t\t\t<\/div>\n\t\t\t\t<\/div>\n\t\t\t\t<\/div>\n\t\t\t\t\t<\/div>\n\t\t\t\t<\/div>\n\t\t\t\t<\/div>\n\t\t","protected":false},"excerpt":{"rendered":"<p>L\u2019\u00e9tablissement m\u00e9dico-social R\u00e9sidence La Sapini\u00e8re de Chapelle-lez-Herlaimont\u00a0souhaite r\u00e9pondre \u00e0 des besoins de prise en charge d\u2019adultes pr\u00e9sentant une d\u00e9ficience mentale. Ces personnes pr\u00e9sentent un handicap mental mod\u00e9r\u00e9 \u00e0 s\u00e9v\u00e8re, parfois associ\u00e9 \u00e0 une maladie mentale ou un handicap physique.La prise en charge, de type familial, est propos\u00e9e dans un lieu vie adapt\u00e9 r\u00e9pondant aux besoins [&hellip;]<\/p>\n","protected":false},"author":2,"featured_media":0,"parent":1185,"menu_order":0,"comment_status":"closed","ping_status":"closed","template":"","meta":{"ocean_post_layout":"","ocean_both_sidebars_style":"","ocean_both_sidebars_content_width":0,"ocean_both_sidebars_sidebars_width":0,"ocean_sidebar":"","ocean_second_sidebar":"","ocean_disable_margins":"enable","ocean_add_body_class":"","ocean_shortcode_before_top_bar":"","ocean_shortcode_after_top_bar":"","ocean_shortcode_before_header":"","ocean_shortcode_after_header":"","ocean_has_shortcode":"","ocean_shortcode_after_title":"","ocean_shortcode_before_footer_widgets":"","ocean_shortcode_after_footer_widgets":"","ocean_shortcode_before_footer_bottom":"","ocean_shortcode_after_footer_bottom":"","ocean_display_top_bar":"default","ocean_display_header":"default","ocean_header_style":"","ocean_center_header_left_menu":"","ocean_custom_header_template":"","ocean_custom_logo":0,"ocean_custom_retina_logo":0,"ocean_custom_logo_max_width":0,"ocean_custom_logo_tablet_max_width":0,"ocean_custom_logo_mobile_max_width":0,"ocean_custom_logo_max_height":0,"ocean_custom_logo_tablet_max_height":0,"ocean_custom_logo_mobile_max_height":0,"ocean_header_custom_menu":"","ocean_menu_typo_font_family":"","ocean_menu_typo_font_subset":"","ocean_menu_typo_font_size":0,"ocean_menu_typo_font_size_tablet":0,"ocean_menu_typo_font_size_mobile":0,"ocean_menu_typo_font_size_unit":"px","ocean_menu_typo_font_weight":"","ocean_menu_typo_font_weight_tablet":"","ocean_menu_typo_font_weight_mobile":"","ocean_menu_typo_transform":"","ocean_menu_typo_transform_tablet":"","ocean_menu_typo_transform_mobile":"","ocean_menu_typo_line_height":0,"ocean_menu_typo_line_height_tablet":0,"ocean_menu_typo_line_height_mobile":0,"ocean_menu_typo_line_height_unit":"","ocean_menu_typo_spacing":0,"ocean_menu_typo_spacing_tablet":0,"ocean_menu_typo_spacing_mobile":0,"ocean_menu_typo_spacing_unit":"","ocean_menu_link_color":"","ocean_menu_link_color_hover":"","ocean_menu_link_color_active":"","ocean_menu_link_background":"","ocean_menu_link_hover_background":"","ocean_menu_link_active_background":"","ocean_menu_social_links_bg":"","ocean_menu_social_hover_links_bg":"","ocean_menu_social_links_color":"","ocean_menu_social_hover_links_color":"","ocean_disable_title":"default","ocean_disable_heading":"default","ocean_post_title":"","ocean_post_subheading":"","ocean_post_title_style":"","ocean_post_title_background_color":"","ocean_post_title_background":0,"ocean_post_title_bg_image_position":"","ocean_post_title_bg_image_attachment":"","ocean_post_title_bg_image_repeat":"","ocean_post_title_bg_image_size":"","ocean_post_title_height":0,"ocean_post_title_bg_overlay":0.5,"ocean_post_title_bg_overlay_color":"","ocean_disable_breadcrumbs":"default","ocean_breadcrumbs_color":"","ocean_breadcrumbs_separator_color":"","ocean_breadcrumbs_links_color":"","ocean_breadcrumbs_links_hover_color":"","ocean_display_footer_widgets":"default","ocean_display_footer_bottom":"default","ocean_custom_footer_template":"","footnotes":""},"class_list":["post-1718","page","type-page","status-publish","hentry","entry"],"_links":{"self":[{"href":"https:\/\/www.lasapiniere.net\/index.php?rest_route=\/wp\/v2\/pages\/1718","targetHints":{"allow":["GET"]}}],"collection":[{"href":"https:\/\/www.lasapiniere.net\/index.php?rest_route=\/wp\/v2\/pages"}],"about":[{"href":"https:\/\/www.lasapiniere.net\/index.php?rest_route=\/wp\/v2\/types\/page"}],"author":[{"embeddable":true,"href":"https:\/\/www.lasapiniere.net\/index.php?rest_route=\/wp\/v2\/users\/2"}],"replies":[{"embeddable":true,"href":"https:\/\/www.lasapiniere.net\/index.php?rest_route=%2Fwp%2Fv2%2Fcomments&post=1718"}],"version-history":[{"count":61,"href":"https:\/\/www.lasapiniere.net\/index.php?rest_route=\/wp\/v2\/pages\/1718\/revisions"}],"predecessor-version":[{"id":2631,"href":"https:\/\/www.lasapiniere.net\/index.php?rest_route=\/wp\/v2\/pages\/1718\/revisions\/2631"}],"up":[{"embeddable":true,"href":"https:\/\/www.lasapiniere.net\/index.php?rest_route=\/wp\/v2\/pages\/1185"}],"wp:attachment":[{"href":"https:\/\/www.lasapiniere.net\/index.php?rest_route=%2Fwp%2Fv2%2Fmedia&parent=1718"}],"curies":[{"name":"wp","href":"https:\/\/api.w.org\/{rel}","templated":true}]}}