{"id":1185,"date":"2022-08-02T13:07:50","date_gmt":"2022-08-02T13:07:50","guid":{"rendered":"https:\/\/34.141.245.37\/?page_id=1185"},"modified":"2025-10-29T12:33:59","modified_gmt":"2025-10-29T11:33:59","slug":"site-de-chapelle-lez-herlaimont","status":"publish","type":"page","link":"https:\/\/www.lasapiniere.net\/?page_id=1185","title":{"rendered":"Site de Chapelle-Lez-Herlaimont"},"content":{"rendered":"\t\t<div data-elementor-type=\"wp-page\" data-elementor-id=\"1185\" class=\"elementor elementor-1185\">\n\t\t\t\t<div class=\"elementor-element elementor-element-9db3ce9 e-flex e-con-boxed e-con e-parent\" data-id=\"9db3ce9\" data-element_type=\"container\" data-e-type=\"container\">\n\t\t\t\t\t<div class=\"e-con-inner\">\n\t\t<div class=\"elementor-element elementor-element-419d21a e-con-full e-flex e-con e-child\" data-id=\"419d21a\" data-element_type=\"container\" data-e-type=\"container\">\n\t\t\t\t<div class=\"elementor-element elementor-element-5b9ac175 elementor-widget elementor-widget-text-editor\" data-id=\"5b9ac175\" data-element_type=\"widget\" data-e-type=\"widget\" data-widget_type=\"text-editor.default\">\n\t\t\t\t<div class=\"elementor-widget-container\">\n\t\t\t\t\t\t\t\t\t<p><img decoding=\"async\" class=\"alignleft\" src=\"https:\/\/encrypted-tbn0.gstatic.com\/images?q=tbn:ANd9GcRNnyXsyefed1FwCT_bS7hLZ27X6nRgMsRFz1B5ttluufq6ca0Oo5zaRrenokykq-eQ1NA&amp;usqp=CAU\" alt=\"Map Location Svg Png Icon Free Download (#118366) - OnlineWebFonts.COM\" width=\"127\" height=\"127\" \/><\/p><p>6-8, rue des Bureaux<br \/>7160 Chapelle-Lez-Herlaimont<br \/>Belgique<\/p><p>Direction p\u00e9dagogique : M. Massimo Papalia<\/p><p><strong>Lieu <\/strong><strong>d\u2019implantation :<\/strong><\/p><p>La R\u00e9sidence La Sapini\u00e8re de Chapelle-lez-Herlaimont a ouvert ses portes en 2012 et est situ\u00e9 \u00e0 la p\u00e9riph\u00e9rie de la ville de Chapelle-lez-Herlaimont, \u00e0 proximit\u00e9 de commerces (quelques m\u00e8tres seulement) et du centre-ville (\u00e0 moins d\u2019un kilom\u00e8tre). La ville b\u00e9n\u00e9ficie d\u2019axes routiers importants (E42) et est proche de la ville de La Louvi\u00e8re. Cette localisation permet \u00e0 l\u2019institution de b\u00e9n\u00e9ficier des facilit\u00e9s de la ville (commerciales, sportives, culturelles, r\u00e9cr\u00e9atives) et des infrastructures m\u00e9dicales (Centre Hospitalier Universitaire \u00e0 quelques kilom\u00e8tres seulement).<\/p><p><strong>Infrastructure\u00a0:<\/strong><\/p><p><strong>1. Le premier b\u00e2timent \u00ab Les Peupliers \u00bb <\/strong>:<\/p><p>C\u2019est un b\u00e2timent qui accueille 29 personnes adultes (nuit et jour). Il comprend des locaux d\u2019h\u00e9bergement et de vie. L\u2019infrastructure dispose d\u2019un rez-de-chauss\u00e9e et de deux \u00e9tages. L\u2019ensemble des deux \u00e9tages est desservi par un ascenseur.<\/p><p>Le rez-de-chauss\u00e9e comprend les locaux de vie : deux salons, deux salles \u00e0 manger, une salle de bains enti\u00e8rement adapt\u00e9e pour les personnes \u00e0 mobilit\u00e9 r\u00e9duite et pour la baln\u00e9oth\u00e9rapie, une infirmerie, deux salles d\u2019activit\u00e9 et le bureau des \u00e9ducateurs. Un autre bureau permet au psychologue de s\u2019entretenir avec les b\u00e9n\u00e9ficiaires en entretien individuel.<\/p><p>Le rez-de-chauss\u00e9e dispose \u00e9galement d\u2019une cuisine de collectivit\u00e9.<\/p><p>Le premier \u00e9tage comprend des chambres, une salle de bains \u00e9galement adapt\u00e9e pour les personnes \u00e0 mobilit\u00e9 r\u00e9duite. Les chambres disposent toutes d\u2019une t\u00e9l\u00e9vision ainsi que de sanitaires, d\u2019un lavabo et d\u2019une douche.<\/p><p>Le deuxi\u00e8me \u00e9tage comprend \u00e9galement des chambres. Comme pour le premier \u00e9tage, chaque chambre dispose d\u2019une douche, d\u2019un lavabo, d\u2019une toilette et d\u2019une t\u00e9l\u00e9vision. La r\u00e9partition des r\u00e9sidents dans les chambres est r\u00e9alis\u00e9e en fonction du niveau des d\u00e9sid\u00e9ratas et des affinit\u00e9s de chacun.<\/p><p><strong>2. Le second b\u00e2timent<\/strong> <strong>\u00ab\u00a0La Jonquille\u00a0\u00bb\u00a0:<\/strong><\/p><p>C\u2019est un b\u00e2timent qui accueille 17 personnes adultes. Spacieux et lumineux, il comprend des chambres, les locaux de vie et les locaux d\u2019h\u00e9bergement\u00a0: trois salons, deux salles \u00e0 manger, trois salles de bains dont une enti\u00e8rement adapt\u00e9e pour les personnes \u00e0 mobilit\u00e9 r\u00e9duite, une salle d\u2019activit\u00e9s polyvalente pouvant \u00eatre adapt\u00e9e en espace sensoriel et de relaxation. Le b\u00e2timent comprend \u00e9galement le bureau des \u00e9ducateurs, l\u2019infirmerie. De plus, la Sapini\u00e8re de Chapelle-lez-Herlaimont dispose d\u2019un jardin et la totalit\u00e9 de la propri\u00e9t\u00e9 est s\u00e9curis\u00e9e.<\/p><p><strong>3. Le troisi\u00e8me b\u00e2timent \u00ab La Tulipe \u00bb :<\/strong><\/p><p>La configuration des lieux permet de b\u00e9n\u00e9ficier d\u2019un lavoir au rez-de-chauss\u00e9e permettant de traiter le linge des b\u00e9n\u00e9ficiaires de l\u2019\u00e9tablissement.<\/p><p>Le premier \u00e9tage est constitu\u00e9 d\u2019un lieu de vie destin\u00e9 \u00e0 travailler l\u2019autonomie des personnes au quotidien. Il est compos\u00e9 d\u2019une cuisine permettant de r\u00e9aliser des ateliers culinaires avec des r\u00e9sidents. Un autre local permet aux b\u00e9n\u00e9ficiaires de se retirer et s\u2019isoler pour lire, \u00e9couter de la musique ou utiliser leur ordinateur.<\/p><p>Au sous-sol, des vestiaires et des douches sont r\u00e9serv\u00e9s aux diff\u00e9rents membres du personnel ainsi qu\u2019une r\u00e9serve pour le personnel technique. L\u2019ensemble des \u00e9tages est desservi par un ascenseur.<\/p><p>Les trois b\u00e2timents ont \u00e9t\u00e9 renomm\u00e9s \u00e0 la demande des b\u00e9n\u00e9ficiaires lors des diff\u00e9rents conseils des usagers.<\/p>\t\t\t\t\t\t\t\t<\/div>\n\t\t\t\t<\/div>\n\t\t\t\t<\/div>\n\t\t<div class=\"elementor-element elementor-element-41c2633 e-con-full e-flex e-con e-child\" data-id=\"41c2633\" data-element_type=\"container\" data-e-type=\"container\">\n\t\t\t\t<div class=\"elementor-element elementor-element-1f871fa elementor-widget elementor-widget-image\" data-id=\"1f871fa\" data-element_type=\"widget\" data-e-type=\"widget\" data-widget_type=\"image.default\">\n\t\t\t\t<div class=\"elementor-widget-container\">\n\t\t\t\t\t\t\t\t\t\t\t\t\t\t\t<img fetchpriority=\"high\" decoding=\"async\" width=\"1024\" height=\"597\" src=\"https:\/\/www.lasapiniere.net\/wp-content\/uploads\/2025\/10\/Sapiniere-396-1200x700-1-1024x597.jpg\" class=\"attachment-large size-large wp-image-2625\" alt=\"\" srcset=\"https:\/\/www.lasapiniere.net\/wp-content\/uploads\/2025\/10\/Sapiniere-396-1200x700-1-1024x597.jpg 1024w, https:\/\/www.lasapiniere.net\/wp-content\/uploads\/2025\/10\/Sapiniere-396-1200x700-1-300x175.jpg 300w, https:\/\/www.lasapiniere.net\/wp-content\/uploads\/2025\/10\/Sapiniere-396-1200x700-1-768x448.jpg 768w, https:\/\/www.lasapiniere.net\/wp-content\/uploads\/2025\/10\/Sapiniere-396-1200x700-1.jpg 1200w\" sizes=\"(max-width: 1024px) 100vw, 1024px\" \/>\t\t\t\t\t\t\t\t\t\t\t\t\t\t\t<\/div>\n\t\t\t\t<\/div>\n\t\t\t\t<\/div>\n\t\t\t\t\t<\/div>\n\t\t\t\t<\/div>\n\t\t\t\t<\/div>\n\t\t","protected":false},"excerpt":{"rendered":"<p>6-8, rue des Bureaux7160 Chapelle-Lez-HerlaimontBelgique Direction p\u00e9dagogique : M. Massimo Papalia Lieu d\u2019implantation : La R\u00e9sidence La Sapini\u00e8re de Chapelle-lez-Herlaimont a ouvert ses portes en 2012 et est situ\u00e9 \u00e0 la p\u00e9riph\u00e9rie de la ville de Chapelle-lez-Herlaimont, \u00e0 proximit\u00e9 de commerces (quelques m\u00e8tres seulement) et du centre-ville (\u00e0 moins d\u2019un kilom\u00e8tre). La ville b\u00e9n\u00e9ficie d\u2019axes [&hellip;]<\/p>\n","protected":false},"author":2,"featured_media":0,"parent":0,"menu_order":0,"comment_status":"closed","ping_status":"closed","template":"","meta":{"ocean_post_layout":"","ocean_both_sidebars_style":"","ocean_both_sidebars_content_width":0,"ocean_both_sidebars_sidebars_width":0,"ocean_sidebar":"","ocean_second_sidebar":"","ocean_disable_margins":"enable","ocean_add_body_class":"","ocean_shortcode_before_top_bar":"","ocean_shortcode_after_top_bar":"","ocean_shortcode_before_header":"","ocean_shortcode_after_header":"","ocean_has_shortcode":"","ocean_shortcode_after_title":"","ocean_shortcode_before_footer_widgets":"","ocean_shortcode_after_footer_widgets":"","ocean_shortcode_before_footer_bottom":"","ocean_shortcode_after_footer_bottom":"","ocean_display_top_bar":"default","ocean_display_header":"default","ocean_header_style":"","ocean_center_header_left_menu":"","ocean_custom_header_template":"","ocean_custom_logo":0,"ocean_custom_retina_logo":0,"ocean_custom_logo_max_width":0,"ocean_custom_logo_tablet_max_width":0,"ocean_custom_logo_mobile_max_width":0,"ocean_custom_logo_max_height":0,"ocean_custom_logo_tablet_max_height":0,"ocean_custom_logo_mobile_max_height":0,"ocean_header_custom_menu":"","ocean_menu_typo_font_family":"","ocean_menu_typo_font_subset":"","ocean_menu_typo_font_size":0,"ocean_menu_typo_font_size_tablet":0,"ocean_menu_typo_font_size_mobile":0,"ocean_menu_typo_font_size_unit":"px","ocean_menu_typo_font_weight":"","ocean_menu_typo_font_weight_tablet":"","ocean_menu_typo_font_weight_mobile":"","ocean_menu_typo_transform":"","ocean_menu_typo_transform_tablet":"","ocean_menu_typo_transform_mobile":"","ocean_menu_typo_line_height":0,"ocean_menu_typo_line_height_tablet":0,"ocean_menu_typo_line_height_mobile":0,"ocean_menu_typo_line_height_unit":"","ocean_menu_typo_spacing":0,"ocean_menu_typo_spacing_tablet":0,"ocean_menu_typo_spacing_mobile":0,"ocean_menu_typo_spacing_unit":"","ocean_menu_link_color":"","ocean_menu_link_color_hover":"","ocean_menu_link_color_active":"","ocean_menu_link_background":"","ocean_menu_link_hover_background":"","ocean_menu_link_active_background":"","ocean_menu_social_links_bg":"","ocean_menu_social_hover_links_bg":"","ocean_menu_social_links_color":"","ocean_menu_social_hover_links_color":"","ocean_disable_title":"default","ocean_disable_heading":"default","ocean_post_title":"","ocean_post_subheading":"","ocean_post_title_style":"","ocean_post_title_background_color":"","ocean_post_title_background":0,"ocean_post_title_bg_image_position":"","ocean_post_title_bg_image_attachment":"","ocean_post_title_bg_image_repeat":"","ocean_post_title_bg_image_size":"","ocean_post_title_height":0,"ocean_post_title_bg_overlay":0.5,"ocean_post_title_bg_overlay_color":"","ocean_disable_breadcrumbs":"default","ocean_breadcrumbs_color":"","ocean_breadcrumbs_separator_color":"","ocean_breadcrumbs_links_color":"","ocean_breadcrumbs_links_hover_color":"","ocean_display_footer_widgets":"default","ocean_display_footer_bottom":"default","ocean_custom_footer_template":"","footnotes":""},"class_list":["post-1185","page","type-page","status-publish","hentry","entry"],"_links":{"self":[{"href":"https:\/\/www.lasapiniere.net\/index.php?rest_route=\/wp\/v2\/pages\/1185","targetHints":{"allow":["GET"]}}],"collection":[{"href":"https:\/\/www.lasapiniere.net\/index.php?rest_route=\/wp\/v2\/pages"}],"about":[{"href":"https:\/\/www.lasapiniere.net\/index.php?rest_route=\/wp\/v2\/types\/page"}],"author":[{"embeddable":true,"href":"https:\/\/www.lasapiniere.net\/index.php?rest_route=\/wp\/v2\/users\/2"}],"replies":[{"embeddable":true,"href":"https:\/\/www.lasapiniere.net\/index.php?rest_route=%2Fwp%2Fv2%2Fcomments&post=1185"}],"version-history":[{"count":27,"href":"https:\/\/www.lasapiniere.net\/index.php?rest_route=\/wp\/v2\/pages\/1185\/revisions"}],"predecessor-version":[{"id":2628,"href":"https:\/\/www.lasapiniere.net\/index.php?rest_route=\/wp\/v2\/pages\/1185\/revisions\/2628"}],"wp:attachment":[{"href":"https:\/\/www.lasapiniere.net\/index.php?rest_route=%2Fwp%2Fv2%2Fmedia&parent=1185"}],"curies":[{"name":"wp","href":"https:\/\/api.w.org\/{rel}","templated":true}]}}