{"id":1182,"date":"2022-08-02T13:07:33","date_gmt":"2022-08-02T13:07:33","guid":{"rendered":"https:\/\/34.141.245.37\/?page_id=1182"},"modified":"2026-04-20T09:19:36","modified_gmt":"2026-04-20T08:19:36","slug":"site-de-quaregnon","status":"publish","type":"page","link":"https:\/\/www.lasapiniere.net\/?page_id=1182","title":{"rendered":"Site de Quaregnon"},"content":{"rendered":"\t\t<div data-elementor-type=\"wp-page\" data-elementor-id=\"1182\" class=\"elementor elementor-1182\">\n\t\t\t\t<div class=\"elementor-element elementor-element-52598b1 e-flex e-con-boxed e-con e-parent\" data-id=\"52598b1\" data-element_type=\"container\" data-e-type=\"container\">\n\t\t\t\t\t<div class=\"e-con-inner\">\n\t\t<div class=\"elementor-element elementor-element-a15d129 e-con-full e-flex e-con e-child\" data-id=\"a15d129\" data-element_type=\"container\" data-e-type=\"container\">\n\t\t\t\t<div class=\"elementor-element elementor-element-1ace573a elementor-widget elementor-widget-text-editor\" data-id=\"1ace573a\" data-element_type=\"widget\" data-e-type=\"widget\" data-widget_type=\"text-editor.default\">\n\t\t\t\t<div class=\"elementor-widget-container\">\n\t\t\t\t\t\t\t\t\t<p><img decoding=\"async\" class=\"alignleft\" src=\"https:\/\/encrypted-tbn0.gstatic.com\/images?q=tbn:ANd9GcRNnyXsyefed1FwCT_bS7hLZ27X6nRgMsRFz1B5ttluufq6ca0Oo5zaRrenokykq-eQ1NA&amp;usqp=CAU\" alt=\"Map Location Svg Png Icon Free Download (#118366) - OnlineWebFonts.COM\" width=\"126\" height=\"126\" \/><\/p><p>48, rue de P\u00e2turages<br \/>7390 Quaregnon<br \/>Belgique<\/p><p>Direction p\u00e9dagogique : Mr Tizaoui Bekay<\/p><p class=\"Texte\">Bienvenue \u00e0 la R\u00e9sidence la Sapini\u00e8re de Quaregnon, un lieu chaleureux et d\u00e9di\u00e9 \u00e0 am\u00e9liorer la qualit\u00e9 de vie des personnes en situation de handicap.<\/p><p class=\"Texte\">Nous vous invitons \u00e0 explorer davantage notre \u00e9tablissement et \u00e0 d\u00e9couvrir comment nous pouvons contribuer au bien-\u00eatre de votre proche en situation de handicap. Parcourez notre site pour en apprendre plus sur nos programmes, notre \u00e9quipe, nos installations et nos r\u00e9alisations.<\/p><p class=\"Texte\">Au c\u0153ur d&rsquo;un environnement serein, \u00e0 quelques encablures de la ville de Mons, la Sapini\u00e8re de Quaregnon vous ouvre ses portes en tant que service r\u00e9sidentiel d\u00e9di\u00e9 \u00e0 l&rsquo;accompagnement de 50 adultes qui pr\u00e9sentent des d\u00e9ficiences mentales de l\u00e9g\u00e8res \u00e0 mod\u00e9r\u00e9es, parfois combin\u00e9es \u00e0 des troubles mentaux et\/ou des handicaps physiques. Notre \u00e9tablissement offre un cadre \u00e0 la fois apaisant, confortable, s\u00e9curis\u00e9 et hautement structur\u00e9 pour assurer un accompagnement individualis\u00e9 prenant en compte les capacit\u00e9s et les besoins sp\u00e9cifiques de chaque b\u00e9n\u00e9ficiaire.<\/p><p class=\"Texte\">La Sapini\u00e8re de Quaregnon se tient \u00e0 votre disposition tout au long de l&rsquo;ann\u00e9e, 24 heures sur 24. Notre approche d&rsquo;accueil est bas\u00e9e sur une grande flexibilit\u00e9, sans limitation de dur\u00e9e, garantissant un soutien constant. Ainsi, les r\u00e9sidents peuvent b\u00e9n\u00e9ficier d&rsquo;un environnement rassurant o\u00f9 leur bien-\u00eatre et leurs besoins sont pris en charge en permanence.<\/p><p class=\"Texte\">Il est essentiel de souligner que la Sapini\u00e8re de Quaregnon fonctionne sous le r\u00e9gime de service agr\u00e9\u00e9 et financ\u00e9 par une autorit\u00e9 \u00e9trang\u00e8re et agr\u00e9\u00e9 par l&rsquo;AViQ (Agence pour une Vie de Qualit\u00e9), un organisme d&rsquo;int\u00e9r\u00eat public autonome charg\u00e9 de g\u00e9rer les comp\u00e9tences relatives \u00e0 la sant\u00e9, \u00e0 l&rsquo;accompagnement des personnes \u00e2g\u00e9es et au handicap. Cet agr\u00e9ment atteste de notre engagement \u00e0 maintenir les normes de qualit\u00e9 les plus exigeantes et \u00e0 offrir des services conformes aux r\u00e9glementations en vigueur, afin d&rsquo;assurer une prise en charge exceptionnelle \u00e0 nos r\u00e9sidents. Nous sommes fiers de jouer un r\u00f4le vital dans l&rsquo;am\u00e9lioration de la qualit\u00e9 de vie de nos b\u00e9n\u00e9ficiaires et de leurs familles.<\/p>\t\t\t\t\t\t\t\t<\/div>\n\t\t\t\t<\/div>\n\t\t\t\t<\/div>\n\t\t<div class=\"elementor-element elementor-element-a7d20ca e-con-full e-flex e-con e-child\" data-id=\"a7d20ca\" data-element_type=\"container\" data-e-type=\"container\">\n\t\t\t\t<div class=\"elementor-element elementor-element-0102a9c elementor-widget elementor-widget-image\" data-id=\"0102a9c\" data-element_type=\"widget\" data-e-type=\"widget\" data-widget_type=\"image.default\">\n\t\t\t\t<div class=\"elementor-widget-container\">\n\t\t\t\t\t\t\t\t\t\t\t\t\t\t\t<img fetchpriority=\"high\" decoding=\"async\" width=\"1024\" height=\"768\" src=\"https:\/\/www.lasapiniere.net\/wp-content\/uploads\/2025\/10\/FacadeQuaregnonplaques-1024x768.jpg\" class=\"attachment-large size-large wp-image-2683\" alt=\"\" srcset=\"https:\/\/www.lasapiniere.net\/wp-content\/uploads\/2025\/10\/FacadeQuaregnonplaques-1024x768.jpg 1024w, https:\/\/www.lasapiniere.net\/wp-content\/uploads\/2025\/10\/FacadeQuaregnonplaques-300x225.jpg 300w, https:\/\/www.lasapiniere.net\/wp-content\/uploads\/2025\/10\/FacadeQuaregnonplaques-768x576.jpg 768w, https:\/\/www.lasapiniere.net\/wp-content\/uploads\/2025\/10\/FacadeQuaregnonplaques-1536x1152.jpg 1536w, https:\/\/www.lasapiniere.net\/wp-content\/uploads\/2025\/10\/FacadeQuaregnonplaques.jpg 2048w\" sizes=\"(max-width: 1024px) 100vw, 1024px\" \/>\t\t\t\t\t\t\t\t\t\t\t\t\t\t\t<\/div>\n\t\t\t\t<\/div>\n\t\t\t\t<\/div>\n\t\t\t\t\t<\/div>\n\t\t\t\t<\/div>\n\t\t\t\t<\/div>\n\t\t","protected":false},"excerpt":{"rendered":"<p>48, rue de P\u00e2turages7390 QuaregnonBelgique Direction p\u00e9dagogique : Mr Tizaoui Bekay Bienvenue \u00e0 la R\u00e9sidence la Sapini\u00e8re de Quaregnon, un lieu chaleureux et d\u00e9di\u00e9 \u00e0 am\u00e9liorer la qualit\u00e9 de vie des personnes en situation de handicap. Nous vous invitons \u00e0 explorer davantage notre \u00e9tablissement et \u00e0 d\u00e9couvrir comment nous pouvons contribuer au bien-\u00eatre de votre [&hellip;]<\/p>\n","protected":false},"author":2,"featured_media":0,"parent":0,"menu_order":0,"comment_status":"closed","ping_status":"closed","template":"","meta":{"ocean_post_layout":"","ocean_both_sidebars_style":"","ocean_both_sidebars_content_width":0,"ocean_both_sidebars_sidebars_width":0,"ocean_sidebar":"","ocean_second_sidebar":"","ocean_disable_margins":"enable","ocean_add_body_class":"","ocean_shortcode_before_top_bar":"","ocean_shortcode_after_top_bar":"","ocean_shortcode_before_header":"","ocean_shortcode_after_header":"","ocean_has_shortcode":"","ocean_shortcode_after_title":"","ocean_shortcode_before_footer_widgets":"","ocean_shortcode_after_footer_widgets":"","ocean_shortcode_before_footer_bottom":"","ocean_shortcode_after_footer_bottom":"","ocean_display_top_bar":"default","ocean_display_header":"default","ocean_header_style":"","ocean_center_header_left_menu":"","ocean_custom_header_template":"","ocean_custom_logo":0,"ocean_custom_retina_logo":0,"ocean_custom_logo_max_width":0,"ocean_custom_logo_tablet_max_width":0,"ocean_custom_logo_mobile_max_width":0,"ocean_custom_logo_max_height":0,"ocean_custom_logo_tablet_max_height":0,"ocean_custom_logo_mobile_max_height":0,"ocean_header_custom_menu":"","ocean_menu_typo_font_family":"","ocean_menu_typo_font_subset":"","ocean_menu_typo_font_size":0,"ocean_menu_typo_font_size_tablet":0,"ocean_menu_typo_font_size_mobile":0,"ocean_menu_typo_font_size_unit":"px","ocean_menu_typo_font_weight":"","ocean_menu_typo_font_weight_tablet":"","ocean_menu_typo_font_weight_mobile":"","ocean_menu_typo_transform":"","ocean_menu_typo_transform_tablet":"","ocean_menu_typo_transform_mobile":"","ocean_menu_typo_line_height":0,"ocean_menu_typo_line_height_tablet":0,"ocean_menu_typo_line_height_mobile":0,"ocean_menu_typo_line_height_unit":"","ocean_menu_typo_spacing":0,"ocean_menu_typo_spacing_tablet":0,"ocean_menu_typo_spacing_mobile":0,"ocean_menu_typo_spacing_unit":"","ocean_menu_link_color":"","ocean_menu_link_color_hover":"","ocean_menu_link_color_active":"","ocean_menu_link_background":"","ocean_menu_link_hover_background":"","ocean_menu_link_active_background":"","ocean_menu_social_links_bg":"","ocean_menu_social_hover_links_bg":"","ocean_menu_social_links_color":"","ocean_menu_social_hover_links_color":"","ocean_disable_title":"default","ocean_disable_heading":"default","ocean_post_title":"","ocean_post_subheading":"","ocean_post_title_style":"","ocean_post_title_background_color":"","ocean_post_title_background":0,"ocean_post_title_bg_image_position":"","ocean_post_title_bg_image_attachment":"","ocean_post_title_bg_image_repeat":"","ocean_post_title_bg_image_size":"","ocean_post_title_height":0,"ocean_post_title_bg_overlay":0.5,"ocean_post_title_bg_overlay_color":"","ocean_disable_breadcrumbs":"default","ocean_breadcrumbs_color":"","ocean_breadcrumbs_separator_color":"","ocean_breadcrumbs_links_color":"","ocean_breadcrumbs_links_hover_color":"","ocean_display_footer_widgets":"default","ocean_display_footer_bottom":"default","ocean_custom_footer_template":"","footnotes":""},"class_list":["post-1182","page","type-page","status-publish","hentry","entry"],"_links":{"self":[{"href":"https:\/\/www.lasapiniere.net\/index.php?rest_route=\/wp\/v2\/pages\/1182","targetHints":{"allow":["GET"]}}],"collection":[{"href":"https:\/\/www.lasapiniere.net\/index.php?rest_route=\/wp\/v2\/pages"}],"about":[{"href":"https:\/\/www.lasapiniere.net\/index.php?rest_route=\/wp\/v2\/types\/page"}],"author":[{"embeddable":true,"href":"https:\/\/www.lasapiniere.net\/index.php?rest_route=\/wp\/v2\/users\/2"}],"replies":[{"embeddable":true,"href":"https:\/\/www.lasapiniere.net\/index.php?rest_route=%2Fwp%2Fv2%2Fcomments&post=1182"}],"version-history":[{"count":24,"href":"https:\/\/www.lasapiniere.net\/index.php?rest_route=\/wp\/v2\/pages\/1182\/revisions"}],"predecessor-version":[{"id":2722,"href":"https:\/\/www.lasapiniere.net\/index.php?rest_route=\/wp\/v2\/pages\/1182\/revisions\/2722"}],"wp:attachment":[{"href":"https:\/\/www.lasapiniere.net\/index.php?rest_route=%2Fwp%2Fv2%2Fmedia&parent=1182"}],"curies":[{"name":"wp","href":"https:\/\/api.w.org\/{rel}","templated":true}]}}