{"id":1179,"date":"2022-08-02T13:07:02","date_gmt":"2022-08-02T13:07:02","guid":{"rendered":"https:\/\/34.141.245.37\/?page_id=1179"},"modified":"2024-04-17T11:43:33","modified_gmt":"2024-04-17T10:43:33","slug":"site-de-seneffe","status":"publish","type":"page","link":"https:\/\/www.lasapiniere.net\/?page_id=1179","title":{"rendered":"Site de Seneffe"},"content":{"rendered":"\t\t<div data-elementor-type=\"wp-page\" data-elementor-id=\"1179\" class=\"elementor elementor-1179\">\n\t\t\t\t<div class=\"elementor-element elementor-element-a00bf2e e-flex e-con-boxed e-con e-parent\" data-id=\"a00bf2e\" data-element_type=\"container\" data-e-type=\"container\">\n\t\t\t\t\t<div class=\"e-con-inner\">\n\t\t<div class=\"elementor-element elementor-element-5e9ad35 e-con-full e-flex e-con e-child\" data-id=\"5e9ad35\" data-element_type=\"container\" data-e-type=\"container\">\n\t\t\t\t<div class=\"elementor-element elementor-element-31d71c4 elementor-widget elementor-widget-text-editor\" data-id=\"31d71c4\" data-element_type=\"widget\" data-e-type=\"widget\" data-widget_type=\"text-editor.default\">\n\t\t\t\t<div class=\"elementor-widget-container\">\n\t\t\t\t\t\t\t\t\t<p><img decoding=\"async\" class=\"alignleft\" src=\"https:\/\/encrypted-tbn0.gstatic.com\/images?q=tbn:ANd9GcRNnyXsyefed1FwCT_bS7hLZ27X6nRgMsRFz1B5ttluufq6ca0Oo5zaRrenokykq-eQ1NA&amp;usqp=CAU\" alt=\"Map Location Svg Png Icon Free Download (#118366) - OnlineWebFonts.COM\" width=\"122\" height=\"122\" \/>64, rue de Scrawelle<br \/>7180 Seneffe<br \/>Belgique<\/p>\n<p>Direction p\u00e9dagogique : Mme Lydia Cultiaux<\/p>\n<p>Bienvenue \u00e0 la R\u00e9sidence \u00ab\u00a0La Sapini\u00e8re\u00a0\u00bb de Seneffe<\/p>\n<p>La Sapini\u00e8re est situ\u00e9e dans un quartier rural et r\u00e9sidentiel de la commune de Seneffe (rue de Scrawelle, n\u00b0 64), petite ville de la r\u00e9gion du centre. Le foyer b\u00e9n\u00e9ficie d\u2019un emplacement g\u00e9ographique et d\u2019une infrastructure routi\u00e8re offrant des facilit\u00e9s non n\u00e9gligeables : une dizaine de kilom\u00e8tres des villes de La Louvi\u00e8re et Nivelles, une trentaine de kilom\u00e8tres de la ville de Mons.<\/p>\n<p>Le b\u00e2timent, entour\u00e9 d\u2019un grand jardin, comprend un rez-de-chauss\u00e9e et un \u00e9tage. Au niveau du rez-de-chauss\u00e9e, on retrouve des espaces collectifs, une piscine, des chambres, les bureaux, etc. L\u2019\u00e9tage comprend les salles d\u2019activit\u00e9s ainsi qu\u2019un couloir et des chambres qui poss\u00e8dent toutes une salle de bains (WC, douche ou baignoire) et sont \u00e9quip\u00e9es d\u2019une t\u00e9l\u00e9vision. Elles sont meubl\u00e9es avec du mobilier appartenant au foyer, les r\u00e9sidents participent activement \u00e0 la d\u00e9coration de leur chambre.<\/p>\n<p>La Sapini\u00e8re accueille 42 r\u00e9sidents pr\u00e9sentant des trouble psychiques et\/ou cognitifs, 24h sur 24, 365 jours par an.<\/p>\n<p>Notre foyer est bien plus qu&rsquo;un simple lieu de r\u00e9sidence. C&rsquo;est un lieu o\u00f9 chaque individu est valoris\u00e9, respect\u00e9, et soutenu dans sa qu\u00eate d&rsquo;une vie \u00e9panouissante. Nous nous engageons \u00e0 offrir un environnement chaleureux et s\u00e9curis\u00e9 o\u00f9 chaque personne peut d\u00e9velopper ses potentialit\u00e9s et y trouver de la s\u00e9r\u00e9nit\u00e9.<\/p>\n<p>\u00a0La Sapini\u00e8re de Seneffe fonctionne sous le r\u00e9gime de service agr\u00e9\u00e9 et financ\u00e9 par une autorit\u00e9 \u00e9trang\u00e8re et agr\u00e9\u00e9 par l&rsquo;AViQ (Agence pour une Vie de Qualit\u00e9), un organisme d&rsquo;int\u00e9r\u00eat public autonome charg\u00e9 de g\u00e9rer les comp\u00e9tences relatives \u00e0 la sant\u00e9, \u00e0 l&rsquo;accompagnement des personnes \u00e2g\u00e9es et au handicap.<\/p>\n<!-- \/wp:image -->\t\t\t\t\t\t\t\t<\/div>\n\t\t\t\t<\/div>\n\t\t\t\t<\/div>\n\t\t<div class=\"elementor-element elementor-element-bcb2ee8 e-con-full e-flex e-con e-child\" data-id=\"bcb2ee8\" data-element_type=\"container\" data-e-type=\"container\">\n\t\t\t\t<div class=\"elementor-element elementor-element-b0b0057 elementor-widget elementor-widget-image\" data-id=\"b0b0057\" data-element_type=\"widget\" data-e-type=\"widget\" data-widget_type=\"image.default\">\n\t\t\t\t<div class=\"elementor-widget-container\">\n\t\t\t\t\t\t\t\t\t\t\t\t\t\t\t<img fetchpriority=\"high\" decoding=\"async\" width=\"1024\" height=\"683\" src=\"https:\/\/www.lasapiniere.net\/wp-content\/uploads\/2023\/12\/Batiment-Seneffe-web-4-1024x683.jpg\" class=\"attachment-large size-large wp-image-2079\" alt=\"\" srcset=\"https:\/\/www.lasapiniere.net\/wp-content\/uploads\/2023\/12\/Batiment-Seneffe-web-4-1024x683.jpg 1024w, https:\/\/www.lasapiniere.net\/wp-content\/uploads\/2023\/12\/Batiment-Seneffe-web-4-300x200.jpg 300w, https:\/\/www.lasapiniere.net\/wp-content\/uploads\/2023\/12\/Batiment-Seneffe-web-4-768x512.jpg 768w, https:\/\/www.lasapiniere.net\/wp-content\/uploads\/2023\/12\/Batiment-Seneffe-web-4.jpg 1200w\" sizes=\"(max-width: 1024px) 100vw, 1024px\" \/>\t\t\t\t\t\t\t\t\t\t\t\t\t\t\t<\/div>\n\t\t\t\t<\/div>\n\t\t\t\t<\/div>\n\t\t\t\t\t<\/div>\n\t\t\t\t<\/div>\n\t\t\t\t<\/div>\n\t\t","protected":false},"excerpt":{"rendered":"<p>64, rue de Scrawelle7180 SeneffeBelgique Direction p\u00e9dagogique : Mme Lydia Cultiaux Bienvenue \u00e0 la R\u00e9sidence \u00ab\u00a0La Sapini\u00e8re\u00a0\u00bb de Seneffe La Sapini\u00e8re est situ\u00e9e dans un quartier rural et r\u00e9sidentiel de la commune de Seneffe (rue de Scrawelle, n\u00b0 64), petite ville de la r\u00e9gion du centre. Le foyer b\u00e9n\u00e9ficie d\u2019un emplacement g\u00e9ographique et d\u2019une infrastructure [&hellip;]<\/p>\n","protected":false},"author":2,"featured_media":0,"parent":0,"menu_order":0,"comment_status":"closed","ping_status":"closed","template":"","meta":{"ocean_post_layout":"","ocean_both_sidebars_style":"","ocean_both_sidebars_content_width":0,"ocean_both_sidebars_sidebars_width":0,"ocean_sidebar":"","ocean_second_sidebar":"","ocean_disable_margins":"enable","ocean_add_body_class":"","ocean_shortcode_before_top_bar":"","ocean_shortcode_after_top_bar":"","ocean_shortcode_before_header":"","ocean_shortcode_after_header":"","ocean_has_shortcode":"","ocean_shortcode_after_title":"","ocean_shortcode_before_footer_widgets":"","ocean_shortcode_after_footer_widgets":"","ocean_shortcode_before_footer_bottom":"","ocean_shortcode_after_footer_bottom":"","ocean_display_top_bar":"default","ocean_display_header":"default","ocean_header_style":"","ocean_center_header_left_menu":"","ocean_custom_header_template":"","ocean_custom_logo":0,"ocean_custom_retina_logo":0,"ocean_custom_logo_max_width":0,"ocean_custom_logo_tablet_max_width":0,"ocean_custom_logo_mobile_max_width":0,"ocean_custom_logo_max_height":0,"ocean_custom_logo_tablet_max_height":0,"ocean_custom_logo_mobile_max_height":0,"ocean_header_custom_menu":"","ocean_menu_typo_font_family":"","ocean_menu_typo_font_subset":"","ocean_menu_typo_font_size":0,"ocean_menu_typo_font_size_tablet":0,"ocean_menu_typo_font_size_mobile":0,"ocean_menu_typo_font_size_unit":"px","ocean_menu_typo_font_weight":"","ocean_menu_typo_font_weight_tablet":"","ocean_menu_typo_font_weight_mobile":"","ocean_menu_typo_transform":"","ocean_menu_typo_transform_tablet":"","ocean_menu_typo_transform_mobile":"","ocean_menu_typo_line_height":0,"ocean_menu_typo_line_height_tablet":0,"ocean_menu_typo_line_height_mobile":0,"ocean_menu_typo_line_height_unit":"","ocean_menu_typo_spacing":0,"ocean_menu_typo_spacing_tablet":0,"ocean_menu_typo_spacing_mobile":0,"ocean_menu_typo_spacing_unit":"","ocean_menu_link_color":"","ocean_menu_link_color_hover":"","ocean_menu_link_color_active":"","ocean_menu_link_background":"","ocean_menu_link_hover_background":"","ocean_menu_link_active_background":"","ocean_menu_social_links_bg":"","ocean_menu_social_hover_links_bg":"","ocean_menu_social_links_color":"","ocean_menu_social_hover_links_color":"","ocean_disable_title":"default","ocean_disable_heading":"default","ocean_post_title":"","ocean_post_subheading":"","ocean_post_title_style":"","ocean_post_title_background_color":"","ocean_post_title_background":0,"ocean_post_title_bg_image_position":"","ocean_post_title_bg_image_attachment":"","ocean_post_title_bg_image_repeat":"","ocean_post_title_bg_image_size":"","ocean_post_title_height":0,"ocean_post_title_bg_overlay":0.5,"ocean_post_title_bg_overlay_color":"","ocean_disable_breadcrumbs":"default","ocean_breadcrumbs_color":"","ocean_breadcrumbs_separator_color":"","ocean_breadcrumbs_links_color":"","ocean_breadcrumbs_links_hover_color":"","ocean_display_footer_widgets":"default","ocean_display_footer_bottom":"default","ocean_custom_footer_template":"","footnotes":""},"class_list":["post-1179","page","type-page","status-publish","hentry","entry"],"_links":{"self":[{"href":"https:\/\/www.lasapiniere.net\/index.php?rest_route=\/wp\/v2\/pages\/1179","targetHints":{"allow":["GET"]}}],"collection":[{"href":"https:\/\/www.lasapiniere.net\/index.php?rest_route=\/wp\/v2\/pages"}],"about":[{"href":"https:\/\/www.lasapiniere.net\/index.php?rest_route=\/wp\/v2\/types\/page"}],"author":[{"embeddable":true,"href":"https:\/\/www.lasapiniere.net\/index.php?rest_route=\/wp\/v2\/users\/2"}],"replies":[{"embeddable":true,"href":"https:\/\/www.lasapiniere.net\/index.php?rest_route=%2Fwp%2Fv2%2Fcomments&post=1179"}],"version-history":[{"count":25,"href":"https:\/\/www.lasapiniere.net\/index.php?rest_route=\/wp\/v2\/pages\/1179\/revisions"}],"predecessor-version":[{"id":2541,"href":"https:\/\/www.lasapiniere.net\/index.php?rest_route=\/wp\/v2\/pages\/1179\/revisions\/2541"}],"wp:attachment":[{"href":"https:\/\/www.lasapiniere.net\/index.php?rest_route=%2Fwp%2Fv2%2Fmedia&parent=1179"}],"curies":[{"name":"wp","href":"https:\/\/api.w.org\/{rel}","templated":true}]}}